{"id":34,"date":"2023-11-15T05:58:03","date_gmt":"2023-11-15T05:58:03","guid":{"rendered":"https:\/\/complexhibit.eu\/?page_id=34"},"modified":"2026-01-14T05:09:32","modified_gmt":"2026-01-14T05:09:32","slug":"contacto","status":"publish","type":"page","link":"https:\/\/complexhibit.eu\/es_es\/contacto\/","title":{"rendered":"Contacto"},"content":{"rendered":"\n<style type=\"text\/css\" data-created_by=\"avia_inline_auto\" id=\"style-css-av-q382-b84d122638e6b2363bff9f28bd78741a\">\n.avia-section.av-q382-b84d122638e6b2363bff9f28bd78741a{\nbackground-color:#000000;\nbackground-image:unset;\n}\n<\/style>\n<div id='av_section_1'  class='avia-section av-q382-b84d122638e6b2363bff9f28bd78741a main_color avia-section-default avia-no-border-styling  avia-builder-el-0  el_before_av_section  avia-builder-el-first  avia-bg-style-scroll av-minimum-height av-minimum-height-custom av-height-custom  av-section-with-video-bg av-section-mobile-video-disabled container_wrap sidebar_right'   data-av_minimum_height_px='400' data-section-video-ratio='16:9'><div  class='avia-slideshow av_slideshow_obj-1-69e5ab13da2c6 avia-slideshow-featured av_slideshow avia-slide-slider av-slideshow-ui av-control-default av-slideshow-manual av-loop-once av-loop-manual-endless av-default-height-applied  av-section-video-bg avia-slideshow-1' data-slideshow-options=\"{&quot;animation&quot;:&quot;slide&quot;,&quot;autoplay&quot;:false,&quot;loop_autoplay&quot;:&quot;once&quot;,&quot;interval&quot;:5,&quot;loop_manual&quot;:&quot;manual-endless&quot;,&quot;autoplay_stopper&quot;:false,&quot;noNavigation&quot;:false,&quot;bg_slider&quot;:false,&quot;keep_padding&quot;:false,&quot;hoverpause&quot;:false,&quot;show_slide_delay&quot;:0}\"  itemprop=\"image\" itemscope=\"itemscope\" itemtype=\"https:\/\/schema.org\/ImageObject\" ><ul class='avia-slideshow-inner ' style='padding-bottom: 28.666666666667%;'><li  data-controls='disabled' data-mute='aviaTBaviaTBvideo_mute' data-loop='1' data-disable-autoplay=''  data-video-ratio='1.7777777777778' class='avia-slideshow-slide av_slideshow_obj-1-69e5ab13da2c6__0  av-video-slide  av-video-service-html5  av-hide-video-controls av-mute-video av-loop-video  av-single-slide slide-1 slide-odd'><div data-rel='slideshow-1' class='avia-slide-wrap '    itemprop=\"video\" itemtype=\"https:\/\/schema.org\/VideoObject\" ><div class='av-click-overlay'><\/div><video class='avia_video'  autoplay playsinline loop preload=\"metadata\" muted  id='player_34_1211654412_1955086625'><source src=\"https:\/\/complexhibit.eu\/wp-content\/uploads\/2023\/11\/video-pexels-pressmaster.mp4\" type=\"video\/mp4\" \/><\/video><div class=\"av-click-to-play-overlay\"><div class=\"avia_playpause_icon\"><\/div><\/div><\/div><\/li><\/ul><\/div><div class='container av-section-cont-open' style='height:400px'><main  role=\"main\" itemprop=\"mainContentOfPage\"  class='template-page content  av-content-small alpha units'><div class='post-entry post-entry-type-page post-entry-34'><div class='entry-content-wrapper clearfix'>\n\n<style type=\"text\/css\" data-created_by=\"avia_inline_auto\" id=\"style-css-av-lphh86hw-026b90cc31532099323c8326b5980f47\">\n#top .av-special-heading.av-lphh86hw-026b90cc31532099323c8326b5980f47{\nmargin:30px 0 0 0;\npadding-bottom:10px;\ncolor:#ffffff;\n}\nbody .av-special-heading.av-lphh86hw-026b90cc31532099323c8326b5980f47 .av-special-heading-tag .heading-char{\nfont-size:25px;\n}\n.av-special-heading.av-lphh86hw-026b90cc31532099323c8326b5980f47 .special-heading-inner-border{\nborder-color:#ffffff;\n}\n.av-special-heading.av-lphh86hw-026b90cc31532099323c8326b5980f47 .av-subheading{\nfont-size:15px;\n}\n<\/style>\n<div  class='av-special-heading av-lphh86hw-026b90cc31532099323c8326b5980f47 av-special-heading-h2 custom-color-heading blockquote modern-quote modern-centered  avia-builder-el-1  avia-builder-el-no-sibling '><h2 class='av-special-heading-tag '  itemprop=\"headline\"  >Contacto<\/h2><div class=\"special-heading-border\"><div class=\"special-heading-inner-border\"><\/div><\/div><\/div>\n\n<\/div><\/div><\/main><!-- close content main element --><\/div><\/div><div id='av_section_2'  class='avia-section av-4gy5u-11cbdd4ee7c40908f1baeeaf7a84a52c main_color avia-section-default avia-no-border-styling  avia-builder-el-2  el_after_av_section  avia-builder-el-last  avia-bg-style-scroll container_wrap sidebar_right'  ><div class='container av-section-cont-open' ><div class='template-page content  av-content-small alpha units'><div class='post-entry post-entry-type-page post-entry-34'><div class='entry-content-wrapper clearfix'>\n\n<style type=\"text\/css\" data-created_by=\"avia_inline_auto\" id=\"style-css-av-43jr6-04b560b8909b984f72c2cc6490c93e71\">\n.flex_column.av-43jr6-04b560b8909b984f72c2cc6490c93e71{\nwidth:17.5%;\n}\n<\/style>\n<div  class='flex_column av-43jr6-04b560b8909b984f72c2cc6490c93e71 av_one_fourth  avia-builder-el-3  el_before_av_one_half  avia-builder-el-first  first flex_column_div  '     ><\/div>\n<style type=\"text\/css\" data-created_by=\"avia_inline_auto\" id=\"style-css-av-140zy-430e35b5709a3a0aa78b260dee9226de\">\n.flex_column.av-140zy-430e35b5709a3a0aa78b260dee9226de{\nwidth:45%;\nmargin-left:10%;\n}\n<\/style>\n<div  class='flex_column av-140zy-430e35b5709a3a0aa78b260dee9226de av_one_half  avia-builder-el-4  el_after_av_one_fourth  el_before_av_one_fourth  flex_column_div  '     ><p>\n<style type=\"text\/css\" data-created_by=\"avia_inline_auto\" id=\"style-css-av-a9t56-2d6b1526cd441a8b394b1c43c403a613\">\n#top .av-special-heading.av-a9t56-2d6b1526cd441a8b394b1c43c403a613{\npadding-bottom:10px;\n}\nbody .av-special-heading.av-a9t56-2d6b1526cd441a8b394b1c43c403a613 .av-special-heading-tag .heading-char{\nfont-size:25px;\n}\n.av-special-heading.av-a9t56-2d6b1526cd441a8b394b1c43c403a613 .av-subheading{\nfont-size:15px;\n}\n<\/style>\n<div  class='av-special-heading av-a9t56-2d6b1526cd441a8b394b1c43c403a613 av-special-heading-h3 blockquote modern-quote  avia-builder-el-5  el_before_av_hr  avia-builder-el-first '><h3 class='av-special-heading-tag '  itemprop=\"headline\"  >Formulario de contacto<\/h3><div class=\"special-heading-border\"><div class=\"special-heading-inner-border\"><\/div><\/div><\/div><br \/>\n<div  class='hr av-9ngz6-cae2f6414cd45185650327126636c153 hr-default  avia-builder-el-6  el_after_av_heading  el_before_av_contact '><span class='hr-inner '><span class=\"hr-inner-style\"><\/span><\/span><\/div><br \/>\n<form action=\"https:\/\/complexhibit.eu\/es_es\/contacto\/\" method=\"post\" data-fields-with-error=\"Found errors in the following field(s):\" class=\"avia_ajax_form av-form-labels-visible   avia-builder-el-7  el_after_av_hr  avia-builder-el-last   \" data-avia-form-id=\"1\" data-avia-redirect='' ><fieldset><p class='  first_form  form_element form_fullwidth' id='element_avia_1_1'><label for=\"avia_1_1\">Nombre <abbr class=\"required\" title=\"requerido\">*<\/abbr><\/label> <input name=\"avia_1_1\" class=\"text_input is_empty\" type=\"text\" id=\"avia_1_1\" value=\"\" \/><\/p><p class='  first_form  form_element form_fullwidth' id='element_avia_2_1'><label for=\"avia_2_1\">Correo electr\u00f3nico <abbr class=\"required\" title=\"requerido\">*<\/abbr><\/label> <input name=\"avia_2_1\" class=\"text_input is_email\" type=\"text\" id=\"avia_2_1\" value=\"\" \/><\/p><p class='  first_form  form_element form_fullwidth' id='element_avia_3_1'><label for=\"avia_3_1\">Asunto <abbr class=\"required\" title=\"requerido\">*<\/abbr><\/label> <input name=\"avia_3_1\" class=\"text_input is_empty\" type=\"text\" id=\"avia_3_1\" value=\"\" \/><\/p><p class='  first_form  form_element form_fullwidth' id='element_avia_4_1'><label for=\"avia_4_1\" class=\"textare_label hidden textare_label_avia_4_1\">Mensaje <abbr class=\"required\" title=\"requerido\">*<\/abbr><\/label><textarea  name=\"avia_4_1\" class=\"text_area is_empty\" cols=\"40\" rows=\"7\" id=\"avia_4_1\" ><\/textarea><\/p><p class=\"hidden\"><input type=\"text\" name=\"avia_5_1\" class=\"hidden \" id=\"avia_5_1\" value=\"\" \/><\/p><div id='avia_6_1' class='av-recaptcha-area  first_form  form_element form_fullwidth av-last-visible-form-element '  data-container_class=\"\" data-custom_class=\"\" data-context=\"av_contact_form\" data-token_input=\"av_recaptcha_token\" data-version=\"avia_recaptcha_v3\" data-theme=\"light\" data-size=\"normal\" data-score=\"0.5\" data-text_to_preview=\"\" data-value=\"\"><div class=\"av-google-badge-message hidden\">This site is protected by reCAPTCHA and the Google <a href=\"https:\/\/policies.google.com\/privacy\" target=\"_blank\" rel=\"noopener noreferrer\">Privacy Policy<\/a> and <a href=\"https:\/\/policies.google.com\/terms\" target=\"_blank\" rel=\"noopener noreferrer\">Terms of Service<\/a> apply.<\/div><\/div><p class=' av_form_privacy_check av_contact_privacy_check first_form  form_element form_fullwidth' id='element_avia_7_1'><input  name=\"avia_7_1\" class=\"input_checkbox is_empty\" type=\"checkbox\" id=\"avia_7_1\" value=\"true\"\/><label class=\"input_checkbox_label\" for=\"avia_7_1\">Acepto la <a href='https:\/\/complexhibit.eu\/es_es\/politica-privacidad\/' target='_blank'>Pol\u00edtica de Privacidad<\/a> <abbr class=\"required\" title=\"requerido\">*<\/abbr><\/label><\/p><p class=\"form_element \"><input type=\"hidden\" value=\"1\" name=\"avia_generated_form1\" \/><input type=\"submit\" value=\"Enviar\" class=\"button\"  data-sending-label=\"Enviando\"\/><\/p><\/fieldset><div class=\"avia-disabled-form\">Este formulario de contacto est\u00e1 desactivado porque rechazaste aceptar el servicio de Google reCaptcha, que es necesario para validar los mensajes enviados a trav\u00e9s del formulario.<\/div><\/form><div id=\"ajaxresponse_1\" class=\"ajaxresponse ajaxresponse_1 hidden\"><\/div><\/p><\/div>\n<style type=\"text\/css\" data-created_by=\"avia_inline_auto\" id=\"style-css-av-14ysm-f1505ed55e2f024d5be9a634afeb18f0\">\n.flex_column.av-14ysm-f1505ed55e2f024d5be9a634afeb18f0{\nwidth:17.5%;\nmargin-left:10%;\n}\n<\/style>\n<div  class='flex_column av-14ysm-f1505ed55e2f024d5be9a634afeb18f0 av_one_fourth  avia-builder-el-8  el_after_av_one_half  el_before_av_one_fourth  flex_column_div  '     ><\/div>\n<style type=\"text\/css\" data-created_by=\"avia_inline_auto\" id=\"style-css-av-6j42i-9039877967c34dab6189652394222bee\">\n.flex_column.av-6j42i-9039877967c34dab6189652394222bee{\nwidth:17.5%;\n}\n<\/style>\n<div  class='flex_column av-6j42i-9039877967c34dab6189652394222bee av_one_fourth  avia-builder-el-9  el_after_av_one_fourth  el_before_av_one_half  first flex_column_div  column-top-margin'     ><\/div>\n<style type=\"text\/css\" data-created_by=\"avia_inline_auto\" id=\"style-css-av-5nq4q-11cab3d5cf0a924a0cee547ec12c178f\">\n.flex_column.av-5nq4q-11cab3d5cf0a924a0cee547ec12c178f{\nwidth:45%;\nmargin-left:10%;\n}\n<\/style>\n<div  class='flex_column av-5nq4q-11cab3d5cf0a924a0cee547ec12c178f av_one_half  avia-builder-el-10  el_after_av_one_fourth  el_before_av_one_fourth  flex_column_div  column-top-margin'     ><p>\n<style type=\"text\/css\" data-created_by=\"avia_inline_auto\" id=\"style-css-av-4yj16-7a8035dbd38fe5bc7b613c790b5a0f5d\">\n#top .av-special-heading.av-4yj16-7a8035dbd38fe5bc7b613c790b5a0f5d{\npadding-bottom:10px;\n}\nbody .av-special-heading.av-4yj16-7a8035dbd38fe5bc7b613c790b5a0f5d .av-special-heading-tag .heading-char{\nfont-size:25px;\n}\n.av-special-heading.av-4yj16-7a8035dbd38fe5bc7b613c790b5a0f5d .av-subheading{\nfont-size:15px;\n}\n<\/style>\n<div  class='av-special-heading av-4yj16-7a8035dbd38fe5bc7b613c790b5a0f5d av-special-heading-h3 blockquote modern-quote  avia-builder-el-11  el_before_av_hr  avia-builder-el-first '><h3 class='av-special-heading-tag '  itemprop=\"headline\"  >Info de contacto<\/h3><div class=\"special-heading-border\"><div class=\"special-heading-inner-border\"><\/div><\/div><\/div><br \/>\n<div  class='hr av-49pa6-1995ae98d3dac5ba66c87810ec304981 hr-default  avia-builder-el-12  el_after_av_heading  el_before_av_textblock '><span class='hr-inner '><span class=\"hr-inner-style\"><\/span><\/span><\/div><br \/>\n<section  class='av_textblock_section av-3z312-78de16d75fde9d8ec9ef18ed832179b4 '   itemscope=\"itemscope\" itemtype=\"https:\/\/schema.org\/CreativeWork\" ><div class='avia_textblock'  itemprop=\"text\" ><div class=\"w-iconbox iconpos_left style_default color_light\">\n<div class=\"w-iconbox-icon\">\n<p class=\"w-iconbox-title\">Facultad de Filosof\u00eda y Letras. Departamento de Historia del Arte. Campus de Teatinos, 29071, M\u00e1laga (Espa\u00f1a-Spain)<\/p>\n<\/div>\n<\/div>\n<div class=\"w-iconbox iconpos_left style_default color_light\">\n<div class=\"w-iconbox-meta\">\n<p class=\"w-iconbox-title\">+34 952 131 690<\/p>\n<\/div>\n<\/div>\n<\/div><\/section><\/p><\/div>\n<style type=\"text\/css\" data-created_by=\"avia_inline_auto\" id=\"style-css-av-35klu-fba6759a92dfc0fdbda75d0f283c64a5\">\n.flex_column.av-35klu-fba6759a92dfc0fdbda75d0f283c64a5{\nwidth:17.5%;\nmargin-left:10%;\n}\n<\/style>\n<div  class='flex_column av-35klu-fba6759a92dfc0fdbda75d0f283c64a5 av_one_fourth  avia-builder-el-14  el_after_av_one_half  avia-builder-el-last  flex_column_div  column-top-margin'     ><\/div><\/div><\/div><\/div><!-- close content main div --><\/div><\/div><div id='after_section_2'  class='main_color av_default_container_wrap container_wrap sidebar_right'  ><div class='container av-section-cont-open' ><div class='template-page content  av-content-small alpha units'><div class='post-entry post-entry-type-page post-entry-34'><div class='entry-content-wrapper clearfix'>\n","protected":false},"excerpt":{"rendered":"","protected":false},"author":1,"featured_media":0,"parent":0,"menu_order":6,"comment_status":"closed","ping_status":"closed","template":"","meta":{"footnotes":""},"class_list":["post-34","page","type-page","status-publish","hentry"],"_links":{"self":[{"href":"https:\/\/complexhibit.eu\/es_es\/wp-json\/wp\/v2\/pages\/34","targetHints":{"allow":["GET"]}}],"collection":[{"href":"https:\/\/complexhibit.eu\/es_es\/wp-json\/wp\/v2\/pages"}],"about":[{"href":"https:\/\/complexhibit.eu\/es_es\/wp-json\/wp\/v2\/types\/page"}],"author":[{"embeddable":true,"href":"https:\/\/complexhibit.eu\/es_es\/wp-json\/wp\/v2\/users\/1"}],"replies":[{"embeddable":true,"href":"https:\/\/complexhibit.eu\/es_es\/wp-json\/wp\/v2\/comments?post=34"}],"version-history":[{"count":5,"href":"https:\/\/complexhibit.eu\/es_es\/wp-json\/wp\/v2\/pages\/34\/revisions"}],"predecessor-version":[{"id":1120,"href":"https:\/\/complexhibit.eu\/es_es\/wp-json\/wp\/v2\/pages\/34\/revisions\/1120"}],"wp:attachment":[{"href":"https:\/\/complexhibit.eu\/es_es\/wp-json\/wp\/v2\/media?parent=34"}],"curies":[{"name":"wp","href":"https:\/\/api.w.org\/{rel}","templated":true}]}}