{"id":30,"date":"2023-11-15T05:57:09","date_gmt":"2023-11-15T05:57:09","guid":{"rendered":"https:\/\/complexhibit.eu\/?page_id=30"},"modified":"2025-09-02T06:35:29","modified_gmt":"2025-09-02T06:35:29","slug":"actividades","status":"publish","type":"page","link":"https:\/\/complexhibit.eu\/es_es\/actividades\/","title":{"rendered":"Actividades"},"content":{"rendered":"\n<style type=\"text\/css\" data-created_by=\"avia_inline_auto\" id=\"style-css-av-1zn6u-5270a437a740c30ae4acc29717a9d8a7\">\n.avia-section.av-1zn6u-5270a437a740c30ae4acc29717a9d8a7{\nbackground-color:#000000;\nbackground-image:unset;\n}\n<\/style>\n<div id='av_section_1'  class='avia-section av-1zn6u-5270a437a740c30ae4acc29717a9d8a7 main_color avia-section-default avia-no-border-styling  avia-builder-el-0  el_before_av_section  avia-builder-el-first  avia-bg-style-scroll av-minimum-height av-minimum-height-custom av-height-custom  av-section-with-video-bg av-section-mobile-video-disabled container_wrap sidebar_right'   data-av_minimum_height_px='400' data-section-video-ratio='16:9'><div  class='avia-slideshow av_slideshow_obj-1-69e598590800c avia-slideshow-featured av_slideshow avia-slide-slider av-slideshow-ui av-control-default av-slideshow-manual av-loop-once av-loop-manual-endless av-default-height-applied  av-section-video-bg avia-slideshow-1' data-slideshow-options=\"{&quot;animation&quot;:&quot;slide&quot;,&quot;autoplay&quot;:false,&quot;loop_autoplay&quot;:&quot;once&quot;,&quot;interval&quot;:5,&quot;loop_manual&quot;:&quot;manual-endless&quot;,&quot;autoplay_stopper&quot;:false,&quot;noNavigation&quot;:false,&quot;bg_slider&quot;:false,&quot;keep_padding&quot;:false,&quot;hoverpause&quot;:false,&quot;show_slide_delay&quot;:0}\"  itemprop=\"image\" itemscope=\"itemscope\" itemtype=\"https:\/\/schema.org\/ImageObject\" ><ul class='avia-slideshow-inner ' style='padding-bottom: 28.666666666667%;'><li  data-controls='disabled' data-mute='aviaTBaviaTBvideo_mute' data-loop='1' data-disable-autoplay=''  data-video-ratio='1.7777777777778' class='avia-slideshow-slide av_slideshow_obj-1-69e598590800c__0  av-video-slide  av-video-service-html5  av-hide-video-controls av-mute-video av-loop-video  av-single-slide slide-1 slide-odd'><div data-rel='slideshow-1' class='avia-slide-wrap '    itemprop=\"video\" itemtype=\"https:\/\/schema.org\/VideoObject\" ><div class='av-click-overlay'><\/div><video class='avia_video'  autoplay playsinline loop preload=\"metadata\" muted  id='player_30_639373301_2054316803'><source src=\"https:\/\/complexhibit.eu\/wp-content\/uploads\/2023\/11\/video-pexels-pressmaster.mp4\" type=\"video\/mp4\" \/><\/video><div class=\"av-click-to-play-overlay\"><div class=\"avia_playpause_icon\"><\/div><\/div><\/div><\/li><\/ul><\/div><div class='container av-section-cont-open' style='height:400px'><main  role=\"main\" itemprop=\"mainContentOfPage\"  class='template-page content  av-content-small alpha units'><div class='post-entry post-entry-type-page post-entry-30'><div class='entry-content-wrapper clearfix'>\n\n<style type=\"text\/css\" data-created_by=\"avia_inline_auto\" id=\"style-css-av-lphh5420-dc3c0db7db725a2dd22a1248b460c44b\">\n#top .av-special-heading.av-lphh5420-dc3c0db7db725a2dd22a1248b460c44b{\nmargin:30px 0 0 0;\npadding-bottom:10px;\ncolor:#ffffff;\n}\nbody .av-special-heading.av-lphh5420-dc3c0db7db725a2dd22a1248b460c44b .av-special-heading-tag .heading-char{\nfont-size:25px;\n}\n.av-special-heading.av-lphh5420-dc3c0db7db725a2dd22a1248b460c44b .special-heading-inner-border{\nborder-color:#ffffff;\n}\n.av-special-heading.av-lphh5420-dc3c0db7db725a2dd22a1248b460c44b .av-subheading{\nfont-size:15px;\n}\n<\/style>\n<div  class='av-special-heading av-lphh5420-dc3c0db7db725a2dd22a1248b460c44b av-special-heading-h2 custom-color-heading blockquote modern-quote modern-centered  avia-builder-el-1  avia-builder-el-no-sibling '><h2 class='av-special-heading-tag '  itemprop=\"headline\"  >Actividades<\/h2><div class=\"special-heading-border\"><div class=\"special-heading-inner-border\"><\/div><\/div><\/div>\n\n<\/div><\/div><\/main><!-- close content main element --><\/div><\/div><div id='av_section_2'  class='avia-section av-64uu-ade9d4ef1773016abff02c6d5573c5ea main_color avia-section-default avia-no-border-styling  avia-builder-el-2  el_after_av_section  avia-builder-el-last  avia-bg-style-scroll container_wrap sidebar_right'  ><div class='container av-section-cont-open' ><div class='template-page content  av-content-small alpha units'><div class='post-entry post-entry-type-page post-entry-30'><div class='entry-content-wrapper clearfix'>\n<div id='av-masonry-1' class='av-masonry av-11cgu-63d27c18e3d8b7efc58b9e849b68d797 noHover av-fixed-size av-large-gap av-hover-overlay-active av-masonry-animation-active av-masonry-col-3 av-caption-always av-caption-style- av-masonry-entries av-orientation-portrait-large ' data-post_id=\"30\"><div class=\"av-masonry-container isotope av-js-disabled\"><div class='av-masonry-entry isotope-item av-masonry-item-no-image all_sort actividades_sort  noticias_sort  seminarios_sort '><\/div><a href=\"https:\/\/complexhibit.eu\/es_es\/actividades-publicaciones\/generativecuration\/\"  id='av-masonry-1-item-1036' data-av-masonry-item='1036' class='av-masonry-entry isotope-item post-1036 portfolio type-portfolio status-publish has-post-thumbnail hentry tag-certificado-de-extension-universitaria tag-datos-culturales tag-humanidades-digitales portfolio_entries-actividades portfolio_entries-noticias portfolio_entries-seminarios all_sort actividades_sort  noticias_sort  seminarios_sort  av-masonry-item-with-image' title=\"INSTAGRAM VERTICAL 1080&#215;1350\"   itemscope=\"itemscope\" itemtype=\"https:\/\/schema.org\/CreativeWork\" ><div class='av-inner-masonry-sizer'><\/div><figure class='av-inner-masonry main_color'><div class=\"av-masonry-outerimage-container\"><div class='av-masonry-image-container' style=\"background-image: url(https:\/\/complexhibit.eu\/wp-content\/uploads\/2025\/12\/INSTAGRAM-VERTICAL-1080x1350-1.jpg);\"  title=\"INSTAGRAM VERTICAL 1080&#215;1350\" ><\/div><\/div><figcaption class='av-inner-masonry-content site-background'><div class='av-inner-masonry-content-pos'><div class='av-inner-masonry-content-pos-content'><div class='avia-arrow'><\/div><h3 class='av-masonry-entry-title entry-title '  itemprop=\"headline\" >Generative Curation Simposium<\/h3><div class='av-masonry-entry-content entry-content'  itemprop=\"text\" >Este curso est\u00e1 dise\u00f1ado para investigadores que deseen comenzar a aplicar metodolog\u00edas computacionales en su trabajo, as\u00ed como para humanistas (estudiantes, graduados o profesionales) interesados en explorar la convergencia con lo digital, lo computacional y la datificaci\u00f3n<\/div><\/div><\/div><\/figcaption><\/figure><\/a><!--end av-masonry entry--><a href=\"https:\/\/complexhibit.eu\/es_es\/actividades-publicaciones\/cultura_en_datos\/\"  id='av-masonry-1-item-1019' data-av-masonry-item='1019' class='av-masonry-entry isotope-item post-1019 portfolio type-portfolio status-publish has-post-thumbnail hentry tag-certificado-de-extension-universitaria tag-datos-culturales tag-humanidades-digitales portfolio_entries-actividades all_sort actividades_sort  av-masonry-item-with-image' title=\"cartel_a\"   itemscope=\"itemscope\" itemtype=\"https:\/\/schema.org\/CreativeWork\" ><div class='av-inner-masonry-sizer'><\/div><figure class='av-inner-masonry main_color'><div class=\"av-masonry-outerimage-container\"><div class='av-masonry-image-container' style=\"background-image: url(https:\/\/complexhibit.eu\/wp-content\/uploads\/2025\/12\/cartel_a-scaled.png);\"  title=\"cartel_a\" ><\/div><\/div><figcaption class='av-inner-masonry-content site-background'><div class='av-inner-masonry-content-pos'><div class='av-inner-masonry-content-pos-content'><div class='avia-arrow'><\/div><h3 class='av-masonry-entry-title entry-title '  itemprop=\"headline\" >CULTURA DE DATOS: navegando la complejidad de los sistemas culturales<\/h3><div class='av-masonry-entry-content entry-content'  itemprop=\"text\" >Este curso est\u00e1 dise\u00f1ado para investigadores que deseen comenzar a aplicar metodolog\u00edas computacionales en su trabajo, as\u00ed como para humanistas (estudiantes, graduados o profesionales) interesados en explorar la convergencia con lo digital, lo computacional y la datificaci\u00f3n<\/div><\/div><\/div><\/figcaption><\/figure><\/a><!--end av-masonry entry--><a href=\"https:\/\/complexhibit.eu\/es_es\/actividades-publicaciones\/introduccion-al-analisis-de-datos-en-humanidades\/\"  id='av-masonry-1-item-516' data-av-masonry-item='516' class='av-masonry-entry isotope-item post-516 portfolio type-portfolio status-publish has-post-thumbnail hentry tag-certificado-de-extension-universitaria tag-datos-culturales tag-humanidades-digitales portfolio_entries-actividades all_sort actividades_sort  av-masonry-item-with-image' title=\"introduccion analisis datos culturales-dest\"   itemscope=\"itemscope\" itemtype=\"https:\/\/schema.org\/CreativeWork\" ><div class='av-inner-masonry-sizer'><\/div><figure class='av-inner-masonry main_color'><div class=\"av-masonry-outerimage-container\"><div class='av-masonry-image-container' style=\"background-image: url(https:\/\/complexhibit.eu\/wp-content\/uploads\/2024\/09\/introduccion-analisis-datos-culturales-dest.jpg);\"  title=\"introduccion analisis datos culturales-dest\" ><\/div><\/div><figcaption class='av-inner-masonry-content site-background'><div class='av-inner-masonry-content-pos'><div class='av-inner-masonry-content-pos-content'><div class='avia-arrow'><\/div><h3 class='av-masonry-entry-title entry-title '  itemprop=\"headline\" >Introducci\u00f3n al an\u00e1lisis de datos en Humanidades<\/h3><div class='av-masonry-entry-content entry-content'  itemprop=\"text\" >Este curso est\u00e1 dise\u00f1ado para investigadores que deseen comenzar a aplicar metodolog\u00edas computacionales en su trabajo, as\u00ed como para humanistas (estudiantes, graduados o profesionales) interesados en explorar la convergencia con lo digital, lo computacional y la datificaci\u00f3n<\/div><\/div><\/div><\/figcaption><\/figure><\/a><!--end av-masonry entry--><a href=\"https:\/\/complexhibit.eu\/es_es\/actividades-publicaciones\/digital-humanities-conference-benelux-ku-leuven\/\"  id='av-masonry-1-item-492' data-av-masonry-item='492' class='av-masonry-entry isotope-item post-492 portfolio type-portfolio status-publish has-post-thumbnail hentry portfolio_entries-actividades all_sort actividades_sort  av-masonry-item-with-image' title=\"Presentacio\u0301n &#8211; Exhibition Data, Public Art Institutions-Dest\"   itemscope=\"itemscope\" itemtype=\"https:\/\/schema.org\/CreativeWork\" ><div class='av-inner-masonry-sizer'><\/div><figure class='av-inner-masonry main_color'><div class=\"av-masonry-outerimage-container\"><div class='av-masonry-image-container' style=\"background-image: url(https:\/\/complexhibit.eu\/wp-content\/uploads\/2024\/07\/Presentacion-Exhibition-Data-Public-Art-Institutions-Dest.jpg);\"  title=\"Presentacio\u0301n &#8211; Exhibition Data, Public Art Institutions-Dest\" ><\/div><\/div><figcaption class='av-inner-masonry-content site-background'><div class='av-inner-masonry-content-pos'><div class='av-inner-masonry-content-pos-content'><div class='avia-arrow'><\/div><h3 class='av-masonry-entry-title entry-title '  itemprop=\"headline\" >Presentaci\u00f3n: \u00abExhibition Data, Public Art Institutions, and Data Governance\u00bb en el Digital Humanities Conference Benelux (KU Leuven, 2024)<\/h3><div class='av-masonry-entry-content entry-content'  itemprop=\"text\" >La 11.\u00aa edici\u00f3n del DH Benelux Conference tuvo lugar en B\u00e9lgica en el Colegio Irland\u00e9s en Lovaina. El tema de este a\u00f1o fue \u00abBreaking Silos, Connecting Data: Advancing Integration and Collaboration in Digital Humanities\u00bb. En \u00e9l participaron Nuria Rodr\u00edguez Ortega y B\u00e1rbara Romero con el tema \u00abExhibition Data, Public Art Institutions, and Data Governance\u00bb.<\/div><\/div><\/div><\/figcaption><\/figure><\/a><!--end av-masonry entry--><a href=\"https:\/\/complexhibit.eu\/es_es\/actividades-publicaciones\/annual-graduate-symposium-ahnca-association-of-historians-of-nineteenth-century-art\/\"  id='av-masonry-1-item-484' data-av-masonry-item='484' class='av-masonry-entry isotope-item post-484 portfolio type-portfolio status-publish has-post-thumbnail hentry portfolio_entries-actividades all_sort actividades_sort  av-masonry-item-with-image' title=\"ahnca\"   itemscope=\"itemscope\" itemtype=\"https:\/\/schema.org\/CreativeWork\" ><div class='av-inner-masonry-sizer'><\/div><figure class='av-inner-masonry main_color'><div class=\"av-masonry-outerimage-container\"><div class='av-masonry-image-container' style=\"background-image: url(https:\/\/complexhibit.eu\/wp-content\/uploads\/2024\/07\/ahnca-dest.jpg);\"  title=\"ahnca\" ><\/div><\/div><figcaption class='av-inner-masonry-content site-background'><div class='av-inner-masonry-content-pos'><div class='av-inner-masonry-content-pos-content'><div class='avia-arrow'><\/div><h3 class='av-masonry-entry-title entry-title '  itemprop=\"headline\" >Annual Graduate Symposium,\u00a0AHNCA, Association of Historians of Nineteenth-Century Art<\/h3><div class='av-masonry-entry-content entry-content'  itemprop=\"text\" >El vig\u00e9simo Annual Graduate Symposium, co-patrocinado por la Association of Historians of Nineteenth-Century Art (AHNCA) y el Dahesh Museum of Art, se llev\u00f3 a cabo de manera virtual el s\u00e1bado y domingo, 25 y 26 de marzo de 2023<\/div><\/div><\/div><\/figcaption><\/figure><\/a><!--end av-masonry entry--><a href=\"https:\/\/complexhibit.eu\/es_es\/actividades-publicaciones\/cultural-data-analytics-conference-cudan-tallinn-university\/\"  id='av-masonry-1-item-479' data-av-masonry-item='479' class='av-masonry-entry isotope-item post-479 portfolio type-portfolio status-publish has-post-thumbnail hentry portfolio_entries-actividades all_sort actividades_sort  av-masonry-item-with-image' title=\"Cudan open labs dest\"   itemscope=\"itemscope\" itemtype=\"https:\/\/schema.org\/CreativeWork\" ><div class='av-inner-masonry-sizer'><\/div><figure class='av-inner-masonry main_color'><div class=\"av-masonry-outerimage-container\"><div class='av-masonry-image-container' style=\"background-image: url(https:\/\/complexhibit.eu\/wp-content\/uploads\/2024\/07\/Cudan-open-labs-dest.jpg);\"  title=\"Cudan open labs dest\" ><\/div><\/div><figcaption class='av-inner-masonry-content site-background'><div class='av-inner-masonry-content-pos'><div class='av-inner-masonry-content-pos-content'><div class='avia-arrow'><\/div><h3 class='av-masonry-entry-title entry-title '  itemprop=\"headline\" >Cultural Data Analytics Conference &#8211; CUDAN (Tallinn University)<\/h3><div class='av-masonry-entry-content entry-content'  itemprop=\"text\" >La conferencia reuni\u00f3 a investigadores y profesionales para explorar m\u00e9todos de an\u00e1lisis de datos culturales,\u00a0 inspirados en conferencias multidisciplinarias como NetSci, IC2S2 y CCS<\/div><\/div><\/div><\/figcaption><\/figure><\/a><!--end av-masonry entry--><a href=\"https:\/\/complexhibit.eu\/es_es\/actividades-publicaciones\/publics-of-the-first-public-museums-i-institutional-sources-xviii-xix-c-universita-della-svizzera-italiana\/\"  id='av-masonry-1-item-467' data-av-masonry-item='467' class='av-masonry-entry isotope-item post-467 portfolio type-portfolio status-publish hentry portfolio_entries-actividades all_sort actividades_sort  av-masonry-item-no-image' title=\"Publics of the First Public Museums I. Institutional Sources, XVIII-XIX c. (Universit\u00e0 della Svizzera Italiana)\"   itemscope=\"itemscope\" itemtype=\"https:\/\/schema.org\/CreativeWork\" ><div class='av-inner-masonry-sizer'><\/div><figure class='av-inner-masonry main_color'><figcaption class='av-inner-masonry-content site-background'><div class='av-inner-masonry-content-pos'><div class='av-inner-masonry-content-pos-content'><div class='avia-arrow'><\/div><h3 class='av-masonry-entry-title entry-title '  itemprop=\"headline\" >Publics of the First Public Museums I. Institutional Sources, XVIII-XIX c. (Universit\u00e0 della Svizzera Italiana)<\/h3><\/div><\/div><\/figcaption><\/figure><\/a><!--end av-masonry entry--><a href=\"https:\/\/complexhibit.eu\/es_es\/actividades-publicaciones\/seminario-internacional-artls-lecture-series-narrowing-the-divide-a-dialogue-between-art-history-and-digital-art-history-universidad-de-ginebra\/\"  id='av-masonry-1-item-463' data-av-masonry-item='463' class='av-masonry-entry isotope-item post-463 portfolio type-portfolio status-publish hentry portfolio_entries-actividades all_sort actividades_sort  av-masonry-item-no-image' title=\"Seminario Internacional: Artl@s Lecture Series. Narrowing the Divide: A Dialogue Between Art History and Digital Art History. Universidad de Ginebra.\"   itemscope=\"itemscope\" itemtype=\"https:\/\/schema.org\/CreativeWork\" ><div class='av-inner-masonry-sizer'><\/div><figure class='av-inner-masonry main_color'><figcaption class='av-inner-masonry-content site-background'><div class='av-inner-masonry-content-pos'><div class='av-inner-masonry-content-pos-content'><div class='avia-arrow'><\/div><h3 class='av-masonry-entry-title entry-title '  itemprop=\"headline\" >Seminario Internacional: Artl@s Lecture Series. Narrowing the Divide: A Dialogue Between Art History and Digital Art History. Universidad de Ginebra.<\/h3><\/div><\/div><\/figcaption><\/figure><\/a><!--end av-masonry entry--><a href=\"https:\/\/complexhibit.eu\/es_es\/actividades-publicaciones\/vi-congreso-de-la-hdh-encuentros-y-transformaciones-las-humanidades-digitales-como-propuesta-transdisciplinar\/\"  id='av-masonry-1-item-455' data-av-masonry-item='455' class='av-masonry-entry isotope-item post-455 portfolio type-portfolio status-publish hentry portfolio_entries-actividades all_sort actividades_sort  av-masonry-item-no-image' title=\"VI Congreso de la HDH. Encuentros y transformaciones: las Humanidades Digitales como propuesta transdisciplinar\"   itemscope=\"itemscope\" itemtype=\"https:\/\/schema.org\/CreativeWork\" ><div class='av-inner-masonry-sizer'><\/div><figure class='av-inner-masonry main_color'><figcaption class='av-inner-masonry-content site-background'><div class='av-inner-masonry-content-pos'><div class='av-inner-masonry-content-pos-content'><div class='avia-arrow'><\/div><h3 class='av-masonry-entry-title entry-title '  itemprop=\"headline\" >VI Congreso de la HDH. Encuentros y transformaciones: las Humanidades Digitales como propuesta transdisciplinar<\/h3><\/div><\/div><\/figcaption><\/figure><\/a><!--end av-masonry entry--><\/div><a class='av-masonry-pagination av-masonry-load-more' href='#load-more'  data-link='portfolio_entries, 4'  data-term_rel='IN'  data-wc_prod_visible=''  data-wc_prod_hidden='hide'  data-wc_prod_featured=''  data-wc_prod_sale=''  data-prod_order_by=''  data-prod_order=''  data-date_filter=''  data-date_filter_start=''  data-date_filter_end=''  data-date_filter_format='yy\/mm\/dd'  data-period_filter_unit_1='1'  data-period_filter_unit_2='year'  data-page_element_filter=''  data-sort='yes'  data-query_orderby='date'  data-query_order='DESC'  data-caption_elements='title excerpt'  data-caption_styling=''  data-caption_display='always'  data-img_copyright=''  data-size='fixed'  data-orientation='av-orientation-portrait-large'  data-image_size='full'  data-gap='large'  data-columns='3'  data-av-desktop-columns=''  data-av-medium-columns=''  data-av-small-columns=''  data-av-mini-columns=''  data-items='9'  data-paginate='load_more'  data-color=''  data-custom_bg=''  data-img_copyright_font=''  data-av-desktop-font-img_copyright_font=''  data-av-medium-font-img_copyright_font=''  data-av-small-font-img_copyright_font=''  data-av-mini-font-img_copyright_font=''  data-img_copyright_color=''  data-img_copyright_bg=''  data-animation='active'  data-animation_duration=''  data-animation_custom_bg_color=''  data-animation_custom_bg_color_multi_list=''  data-animation_z_index_curtain='100'  data-overlay_fx='active'  data-img_scrset=''  data-lazy_loading='disabled'  data-av-desktop-hide=''  data-av-medium-hide=''  data-av-small-hide=''  data-av-mini-hide=''  data-alb_description=''  data-id=''  data-custom_class=''  data-template_class=''  data-av_uid='av-11cgu'  data-sc_version='1.0'  data-ids=''  data-action=''  data-post_type='post, page, attachment, revision, nav_menu_item, custom_css, customize_changeset, oembed_cache, user_request, wp_block, wp_template, wp_template_part, wp_global_styles, wp_navigation, wp_font_family, wp_font_face, language_switcher, alb_custom_layout, avia_framework_post, portfolio'  data-offset='0'  data-container_links='active'  data-link_dest=''  data-lightbox_text=''  data-container_class='av-masonry-entries'  data-auto_ratio='1.7'  data-set_breadcrumb='1'  data-custom_markup=''  data-taxonomy='portfolio_entries'  data-categories='4'  data-avno='be887d9229'>Cargar m\u00e1s<\/a><\/div>\n<\/div><\/div><\/div><!-- close content main div --><\/div><\/div><div id='after_section_2'  class='main_color av_default_container_wrap container_wrap sidebar_right'  ><div class='container av-section-cont-open' ><div class='template-page content  av-content-small alpha units'><div class='post-entry post-entry-type-page post-entry-30'><div class='entry-content-wrapper clearfix'>\n","protected":false},"excerpt":{"rendered":"","protected":false},"author":1,"featured_media":0,"parent":0,"menu_order":4,"comment_status":"closed","ping_status":"closed","template":"","meta":{"footnotes":""},"class_list":["post-30","page","type-page","status-publish","hentry"],"_links":{"self":[{"href":"https:\/\/complexhibit.eu\/es_es\/wp-json\/wp\/v2\/pages\/30","targetHints":{"allow":["GET"]}}],"collection":[{"href":"https:\/\/complexhibit.eu\/es_es\/wp-json\/wp\/v2\/pages"}],"about":[{"href":"https:\/\/complexhibit.eu\/es_es\/wp-json\/wp\/v2\/types\/page"}],"author":[{"embeddable":true,"href":"https:\/\/complexhibit.eu\/es_es\/wp-json\/wp\/v2\/users\/1"}],"replies":[{"embeddable":true,"href":"https:\/\/complexhibit.eu\/es_es\/wp-json\/wp\/v2\/comments?post=30"}],"version-history":[{"count":0,"href":"https:\/\/complexhibit.eu\/es_es\/wp-json\/wp\/v2\/pages\/30\/revisions"}],"wp:attachment":[{"href":"https:\/\/complexhibit.eu\/es_es\/wp-json\/wp\/v2\/media?parent=30"}],"curies":[{"name":"wp","href":"https:\/\/api.w.org\/{rel}","templated":true}]}}