{"id":28,"date":"2023-11-15T05:56:40","date_gmt":"2023-11-15T05:56:40","guid":{"rendered":"https:\/\/complexhibit.eu\/?page_id=28"},"modified":"2025-10-19T08:19:33","modified_gmt":"2025-10-19T08:19:33","slug":"recursos","status":"publish","type":"page","link":"https:\/\/complexhibit.eu\/es_es\/recursos\/","title":{"rendered":"Recursos"},"content":{"rendered":"\n<style type=\"text\/css\" data-created_by=\"avia_inline_auto\" id=\"style-css-av-lph7ret9-91132b66640d61910175ed373f129683\">\n.avia-section.av-lph7ret9-91132b66640d61910175ed373f129683{\nbackground-color:#000000;\nbackground-image:unset;\n}\n<\/style>\n<div id='av_section_1'  class='avia-section av-lph7ret9-91132b66640d61910175ed373f129683 main_color avia-section-default avia-no-border-styling  avia-builder-el-0  el_before_av_section  avia-builder-el-first  avia-bg-style-scroll av-minimum-height av-minimum-height-custom av-height-custom  av-section-with-video-bg av-section-mobile-video-disabled container_wrap sidebar_right'   data-av_minimum_height_px='400' data-section-video-ratio='16:9'><div  class='avia-slideshow av_slideshow_obj-1-69e598344b2d8 avia-slideshow-featured av_slideshow avia-slide-slider av-slideshow-ui av-control-default av-slideshow-manual av-loop-once av-loop-manual-endless av-default-height-applied  av-section-video-bg avia-slideshow-1' data-slideshow-options=\"{&quot;animation&quot;:&quot;slide&quot;,&quot;autoplay&quot;:false,&quot;loop_autoplay&quot;:&quot;once&quot;,&quot;interval&quot;:5,&quot;loop_manual&quot;:&quot;manual-endless&quot;,&quot;autoplay_stopper&quot;:false,&quot;noNavigation&quot;:false,&quot;bg_slider&quot;:false,&quot;keep_padding&quot;:false,&quot;hoverpause&quot;:false,&quot;show_slide_delay&quot;:0}\"  itemprop=\"image\" itemscope=\"itemscope\" itemtype=\"https:\/\/schema.org\/ImageObject\" ><ul class='avia-slideshow-inner ' style='padding-bottom: 28.666666666667%;'><li  data-controls='disabled' data-mute='aviaTBaviaTBvideo_mute' data-loop='1' data-disable-autoplay=''  data-video-ratio='1.7777777777778' class='avia-slideshow-slide av_slideshow_obj-1-69e598344b2d8__0  av-video-slide  av-video-service-html5  av-hide-video-controls av-mute-video av-loop-video  av-single-slide slide-1 slide-odd'><div data-rel='slideshow-1' class='avia-slide-wrap '    itemprop=\"video\" itemtype=\"https:\/\/schema.org\/VideoObject\" ><div class='av-click-overlay'><\/div><video class='avia_video'  autoplay playsinline loop preload=\"metadata\" muted  id='player_28_2037834803_852233374'><source src=\"https:\/\/complexhibit.eu\/wp-content\/uploads\/2023\/11\/video-pexels-pressmaster.mp4\" type=\"video\/mp4\" \/><\/video><div class=\"av-click-to-play-overlay\"><div class=\"avia_playpause_icon\"><\/div><\/div><\/div><\/li><\/ul><\/div><div class='container av-section-cont-open' style='height:400px'><main  role=\"main\" itemprop=\"mainContentOfPage\"  class='template-page content  av-content-small alpha units'><div class='post-entry post-entry-type-page post-entry-28'><div class='entry-content-wrapper clearfix'>\n\n<style type=\"text\/css\" data-created_by=\"avia_inline_auto\" id=\"style-css-av-lpgt031t-c763e8c064b12e765fc3e764371fac5e\">\n#top .av-special-heading.av-lpgt031t-c763e8c064b12e765fc3e764371fac5e{\nmargin:30px 0 0 0;\npadding-bottom:10px;\ncolor:#ffffff;\n}\nbody .av-special-heading.av-lpgt031t-c763e8c064b12e765fc3e764371fac5e .av-special-heading-tag .heading-char{\nfont-size:25px;\n}\n.av-special-heading.av-lpgt031t-c763e8c064b12e765fc3e764371fac5e .special-heading-inner-border{\nborder-color:#ffffff;\n}\n.av-special-heading.av-lpgt031t-c763e8c064b12e765fc3e764371fac5e .av-subheading{\nfont-size:15px;\n}\n<\/style>\n<div  class='av-special-heading av-lpgt031t-c763e8c064b12e765fc3e764371fac5e av-special-heading-h2 custom-color-heading blockquote modern-quote modern-centered  avia-builder-el-1  avia-builder-el-no-sibling '><h2 class='av-special-heading-tag '  itemprop=\"headline\"  >Recursos<\/h2><div class=\"special-heading-border\"><div class=\"special-heading-inner-border\"><\/div><\/div><\/div>\n\n<\/div><\/div><\/main><!-- close content main element --><\/div><\/div><div id='av_section_2'  class='avia-section av-9n9hk-c5d265ad81de2152ed719123ef706825 main_color avia-section-large avia-no-border-styling  avia-builder-el-2  el_after_av_section  el_before_av_section  avia-bg-style-scroll container_wrap sidebar_right'  ><div class='container av-section-cont-open' ><div class='template-page content  av-content-small alpha units'><div class='post-entry post-entry-type-page post-entry-28'><div class='entry-content-wrapper clearfix'>\n\n<style type=\"text\/css\" data-created_by=\"avia_inline_auto\" id=\"style-css-av-3emo-5df94463828284b30239ba910cd4a71d\">\n#top .av-special-heading.av-3emo-5df94463828284b30239ba910cd4a71d{\npadding-bottom:10px;\n}\nbody .av-special-heading.av-3emo-5df94463828284b30239ba910cd4a71d .av-special-heading-tag .heading-char{\nfont-size:25px;\n}\n.av-special-heading.av-3emo-5df94463828284b30239ba910cd4a71d .av-subheading{\nfont-size:15px;\n}\n<\/style>\n<div  class='av-special-heading av-3emo-5df94463828284b30239ba910cd4a71d av-special-heading-h1 blockquote modern-quote modern-centered  avia-builder-el-3  el_before_av_hr  avia-builder-el-first '><h1 class='av-special-heading-tag '  itemprop=\"headline\"  >Expofinder<\/h1><div class=\"special-heading-border\"><div class=\"special-heading-inner-border\"><\/div><\/div><\/div>\n<div  class='hr av-95o00-463907b72562b0304800ce719d7be9d8 hr-default  avia-builder-el-4  el_after_av_heading  el_before_av_one_full '><span class='hr-inner '><span class=\"hr-inner-style\"><\/span><\/span><\/div>\n\n<style type=\"text\/css\" data-created_by=\"avia_inline_auto\" id=\"style-css-av-8qjms-9eba32f02d840ea6429712673c0469e0\">\n.flex_column.av-8qjms-9eba32f02d840ea6429712673c0469e0{\npadding:0px 50px 0px 50px;\n}\n<\/style>\n<div  class='flex_column av-8qjms-9eba32f02d840ea6429712673c0469e0 av_one_full  avia-builder-el-5  el_after_av_hr  el_before_av_one_fourth  first flex_column_div  '     ><section  class='av_textblock_section av-lpgt27x8-a2e4f8b9ba8939432cf7f0a7d67b452d '   itemscope=\"itemscope\" itemtype=\"https:\/\/schema.org\/CreativeWork\" ><div class='avia_textblock'  itemprop=\"text\" ><p><a href=\"https:\/\/expofinder.iarthislab.eu\/web\/\">Expofinder<\/a> es un repositorio de datos estructurados sobre exposiciones art\u00edsticas celebradas en Espa\u00f1a. Incluye informaci\u00f3n sobre 26.924 exposiciones con todos sus metadatos asociados.<\/p>\n<p>Aunque el corpus Expofinder registra datos sobre exposiciones celebradas en Espa\u00f1a desde el siglo XIX hasta la actualidad, el rango temporal que actualmente presenta una mayor sistematicidad de los datos corresponde al periodo 2010-2016.<\/p>\n<p>En Expofinder se encuentra el\u00a0<strong>corpus Andalex<\/strong>, repositorio espec\u00edfico de exposiciones celebradas en Andaluc\u00eda desde el a\u00f1o 2000 hasta el 2018. \u00a0Este corpus espec\u00edfico se desarroll\u00f3 en el marco del proyecto\u00a0<em>Metodolog\u00edas de datos aplicadas al an\u00e1lisis de las exposiciones art\u00edsticas para el desarrollo de la econom\u00eda creativa<\/em>\u00a0financiado por el Centro de Estudios Andaluces de la Junta de Andaluc\u00eda.\u00a0 Igualmente, el rango temporal que presenta una mayor sistematicidad de los datos es 2008-2018.<\/p>\n<p>Expofinder es un proyecto abierto que sigue registrando informaci\u00f3n de manera regular y sistem\u00e1tica.<\/p>\n<p>Para una mayor informaci\u00f3n sobre el modelo de datos, puede consultarse la secci\u00f3n X de esta web, o bien el art\u00edculo X.<\/p>\n<p>Los datos registrados en Expofinder son datos abiertos que se pueden consultar, analizar y descargar a trav\u00e9s de <a href=\"https:\/\/pathfinder.iarthislab.eu\/\">Pathfinder.<\/a><\/p>\n<\/div><\/section><\/div>\n<style type=\"text\/css\" data-created_by=\"avia_inline_auto\" id=\"style-css-av-lph74lkn-432d2703b8868c8f687bf0e7b7836ce1\">\n.flex_column.av-lph74lkn-432d2703b8868c8f687bf0e7b7836ce1{\nwidth:22.75%;\npadding:0px 0px 0px 0px;\n}\n<\/style>\n<div  class='flex_column av-lph74lkn-432d2703b8868c8f687bf0e7b7836ce1 av_one_fourth  avia-builder-el-7  el_after_av_one_full  el_before_av_one_fourth  first flex_column_div av-animated-generic bottom-to-top av-zero-column-padding  column-top-margin'     ><style type=\"text\/css\" data-created_by=\"avia_inline_auto\" id=\"style-css-av-lph728w8-33ff65bc81bea53541b522764feb3af3\">\n.iconbox.av-lph728w8-33ff65bc81bea53541b522764feb3af3 .iconbox_content_container{\nfont-size:19px;\n}\n<\/style>\n<article  class='iconbox iconbox_top av-lph728w8-33ff65bc81bea53541b522764feb3af3  avia-builder-el-8  avia-builder-el-no-sibling  main_color'  itemscope=\"itemscope\" itemtype=\"https:\/\/schema.org\/CreativeWork\" ><div class=\"iconbox_content\"><header class=\"entry-content-header\" aria-label=\"Icon: EXPOSICIONES\"><div class='iconbox_icon heading-color avia-iconfont avia-font-entypo-fontello' data-av_icon='\ue8c0' data-av_iconfont='entypo-fontello'  ><\/div><h3 class='iconbox_content_title '  itemprop=\"headline\" >EXPOSICIONES<\/h3><\/header><div class='iconbox_content_container '  itemprop=\"text\" ><p><strong>27.726<\/strong><\/p>\n<\/div><\/div><footer class=\"entry-footer\"><\/footer><\/article><\/div>\n<style type=\"text\/css\" data-created_by=\"avia_inline_auto\" id=\"style-css-av-lph75dyq-2e3d7bc6b851feb61231a65d4aff2329\">\n.flex_column.av-lph75dyq-2e3d7bc6b851feb61231a65d4aff2329{\nwidth:22.75%;\nmargin-left:3%;\npadding:0px 0px 0px 0px;\n}\n<\/style>\n<div  class='flex_column av-lph75dyq-2e3d7bc6b851feb61231a65d4aff2329 av_one_fourth  avia-builder-el-9  el_after_av_one_fourth  el_before_av_one_fourth  flex_column_div av-animated-generic bottom-to-top av-zero-column-padding  column-top-margin'     ><style type=\"text\/css\" data-created_by=\"avia_inline_auto\" id=\"style-css-av-lph72u8e-93982493209f503b89405d48a969a8dd\">\n.iconbox.av-lph72u8e-93982493209f503b89405d48a969a8dd .iconbox_content_container{\nfont-size:19px;\n}\n<\/style>\n<article  class='iconbox iconbox_top av-lph72u8e-93982493209f503b89405d48a969a8dd  avia-builder-el-10  avia-builder-el-no-sibling  main_color'  itemscope=\"itemscope\" itemtype=\"https:\/\/schema.org\/CreativeWork\" ><div class=\"iconbox_content\"><header class=\"entry-content-header\" aria-label=\"Icon: ACTORES\"><div class='iconbox_icon heading-color avia-iconfont avia-font-entypo-fontello' data-av_icon='\ue80b' data-av_iconfont='entypo-fontello'  ><\/div><h3 class='iconbox_content_title '  itemprop=\"headline\" >ACTORES<\/h3><\/header><div class='iconbox_content_container '  itemprop=\"text\" ><p><strong>39.217<\/strong><\/p>\n<\/div><\/div><footer class=\"entry-footer\"><\/footer><\/article><\/div>\n<style type=\"text\/css\" data-created_by=\"avia_inline_auto\" id=\"style-css-av-lph75k1t-013a72e0d7c39962b097770c2a384603\">\n.flex_column.av-lph75k1t-013a72e0d7c39962b097770c2a384603{\nwidth:22.75%;\nmargin-left:3%;\npadding:0px 0px 0px 0px;\n}\n<\/style>\n<div  class='flex_column av-lph75k1t-013a72e0d7c39962b097770c2a384603 av_one_fourth  avia-builder-el-11  el_after_av_one_fourth  el_before_av_one_fourth  flex_column_div av-animated-generic bottom-to-top av-zero-column-padding  column-top-margin'     ><style type=\"text\/css\" data-created_by=\"avia_inline_auto\" id=\"style-css-av-lph73wqm-d668baa607be529859d1d9d7126e42c6\">\n.iconbox.av-lph73wqm-d668baa607be529859d1d9d7126e42c6 .iconbox_content_container{\nfont-size:19px;\n}\n<\/style>\n<article  class='iconbox iconbox_top av-lph73wqm-d668baa607be529859d1d9d7126e42c6  avia-builder-el-12  avia-builder-el-no-sibling  main_color'  itemscope=\"itemscope\" itemtype=\"https:\/\/schema.org\/CreativeWork\" ><div class=\"iconbox_content\"><header class=\"entry-content-header\" aria-label=\"Icon: INSTITUCIONES\"><div class='iconbox_icon heading-color avia-iconfont avia-font-entypo-fontello' data-av_icon='\ue821' data-av_iconfont='entypo-fontello'  ><\/div><h3 class='iconbox_content_title '  itemprop=\"headline\" >INSTITUCIONES<\/h3><\/header><div class='iconbox_content_container '  itemprop=\"text\" ><p><strong>14.404<\/strong><\/p>\n<\/div><\/div><footer class=\"entry-footer\"><\/footer><\/article><\/div>\n<style type=\"text\/css\" data-created_by=\"avia_inline_auto\" id=\"style-css-av-lph7774x-e292aa4769dc8d2f13cb33f03b41b12d\">\n.flex_column.av-lph7774x-e292aa4769dc8d2f13cb33f03b41b12d{\nwidth:22.75%;\nmargin-left:3%;\npadding:0px 0px 0px 0px;\n}\n<\/style>\n<div  class='flex_column av-lph7774x-e292aa4769dc8d2f13cb33f03b41b12d av_one_fourth  avia-builder-el-13  el_after_av_one_fourth  el_before_av_one_full  flex_column_div av-animated-generic bottom-to-top av-zero-column-padding  column-top-margin'     ><style type=\"text\/css\" data-created_by=\"avia_inline_auto\" id=\"style-css-av-lph74bjj-63354f03dc2b152240ed78cd276d7dc5\">\n.iconbox.av-lph74bjj-63354f03dc2b152240ed78cd276d7dc5 .iconbox_content_container{\nfont-size:19px;\n}\n<\/style>\n<article  class='iconbox iconbox_top av-lph74bjj-63354f03dc2b152240ed78cd276d7dc5  avia-builder-el-14  avia-builder-el-no-sibling  main_color'  itemscope=\"itemscope\" itemtype=\"https:\/\/schema.org\/CreativeWork\" ><div class=\"iconbox_content\"><header class=\"entry-content-header\" aria-label=\"Icon: CAT\u00c1LOGOS\"><div class='iconbox_icon heading-color avia-iconfont avia-font-entypo-fontello' data-av_icon='\ue84e' data-av_iconfont='entypo-fontello'  ><\/div><h3 class='iconbox_content_title '  itemprop=\"headline\" >CAT\u00c1LOGOS<\/h3><\/header><div class='iconbox_content_container '  itemprop=\"text\" ><p><strong>2.950<\/strong><\/p>\n<\/div><\/div><footer class=\"entry-footer\"><\/footer><\/article><\/div>\n<style type=\"text\/css\" data-created_by=\"avia_inline_auto\" id=\"style-css-av-1dnwo-c157125106c616b36901b3f7abda6bef\">\n.flex_column.av-1dnwo-c157125106c616b36901b3f7abda6bef{\npadding:0px 50px 0px 50px;\n}\n<\/style>\n<div  class='flex_column av-1dnwo-c157125106c616b36901b3f7abda6bef av_one_full  avia-builder-el-15  el_after_av_one_fourth  avia-builder-el-last  first flex_column_div  column-top-margin'     ><p>\n<style type=\"text\/css\" data-created_by=\"avia_inline_auto\" id=\"style-css-av-lph7jlx3-46e512649be91f746792a177c498e010\">\n#top .hr.hr-invisible.av-lph7jlx3-46e512649be91f746792a177c498e010{\nheight:20px;\n}\n<\/style>\n<div  class='hr av-lph7jlx3-46e512649be91f746792a177c498e010 hr-invisible  avia-builder-el-16  el_before_av_button  avia-builder-el-first '><span class='hr-inner '><span class=\"hr-inner-style\"><\/span><\/span><\/div><br \/>\n<div  class='avia-button-wrap av-vcvo-b486dc01099a4910587a90f6b3c97807-wrap avia-button-left  avia-builder-el-17  el_after_av_hr  avia-builder-el-last '><a href='https:\/\/expofinder.iarthislab.eu\/web\/'  class='avia-button av-vcvo-b486dc01099a4910587a90f6b3c97807 av-link-btn avia-icon_select-yes-left-icon avia-size-medium avia-position-left av-icon-on-hover avia-color-theme-color'  target=\"_blank\"  rel=\"noopener noreferrer\"  aria-label=\"Visita Expofinder\"><span class='avia_button_icon avia_button_icon_left avia-iconfont avia-font-entypo-fontello' data-av_icon='\ue87d' data-av_iconfont='entypo-fontello' ><\/span><span class='avia_iconbox_title' >Visita Expofinder<\/span><\/a><\/div><\/p><\/div><\/div><\/div><\/div><!-- close content main div --><\/div><\/div><div id='av_section_3'  class='avia-section av-1efgc-2209e70daeb7a64f32ebb01c0ae9ef27 main_color avia-section-large avia-no-border-styling  avia-builder-el-18  el_after_av_section  avia-builder-el-last  avia-bg-style-scroll container_wrap sidebar_right'  ><div class='container av-section-cont-open' ><div class='template-page content  av-content-small alpha units'><div class='post-entry post-entry-type-page post-entry-28'><div class='entry-content-wrapper clearfix'>\n\n<style type=\"text\/css\" data-created_by=\"avia_inline_auto\" id=\"style-css-av-lpgszt9e-3822059a4ca9f0651d11ef933b87dd2f\">\n#top .av-special-heading.av-lpgszt9e-3822059a4ca9f0651d11ef933b87dd2f{\npadding-bottom:10px;\n}\nbody .av-special-heading.av-lpgszt9e-3822059a4ca9f0651d11ef933b87dd2f .av-special-heading-tag .heading-char{\nfont-size:25px;\n}\n.av-special-heading.av-lpgszt9e-3822059a4ca9f0651d11ef933b87dd2f .av-subheading{\nfont-size:15px;\n}\n<\/style>\n<div  class='av-special-heading av-lpgszt9e-3822059a4ca9f0651d11ef933b87dd2f av-special-heading-h1 blockquote modern-quote modern-centered  avia-builder-el-19  el_before_av_hr  avia-builder-el-first '><h1 class='av-special-heading-tag '  itemprop=\"headline\"  >OntoExhibit<\/h1><div class=\"special-heading-border\"><div class=\"special-heading-inner-border\"><\/div><\/div><\/div>\n<div  class='hr av-z224-a14727eba7f248a91fa307083cea1bca hr-default  avia-builder-el-20  el_after_av_heading  el_before_av_one_full '><span class='hr-inner '><span class=\"hr-inner-style\"><\/span><\/span><\/div>\n\n<style type=\"text\/css\" data-created_by=\"avia_inline_auto\" id=\"style-css-av-1n69o-5286cf2f0d8b49d9a469620e12d5bce0\">\n.flex_column.av-1n69o-5286cf2f0d8b49d9a469620e12d5bce0{\npadding:0px 50px 0px 50px;\n}\n<\/style>\n<div  class='flex_column av-1n69o-5286cf2f0d8b49d9a469620e12d5bce0 av_one_full  avia-builder-el-21  el_after_av_hr  avia-builder-el-last  first flex_column_div  '     ><p><section  class='av_textblock_section av-nv4k-6ac480e6624279c4d983a17bf0af66ae '   itemscope=\"itemscope\" itemtype=\"https:\/\/schema.org\/CreativeWork\" ><div class='avia_textblock'  itemprop=\"text\" ><p>OntoExhibit v. 1.0 es una ontolog\u00eda dise\u00f1ada para la representaci\u00f3n, publicaci\u00f3n y reutilizaci\u00f3n de informaci\u00f3n codificada y sem\u00e1nticamente enriquecida del dominio de las exposiciones art\u00edsticas y sus pr\u00e1cticas sociodiscursivas asociadas. El modelo conceptual de Expofinder ha sido el punto de partida para el dise\u00f1o y construcci\u00f3n de la ontolog\u00eda, en la que se ha tenido en cuenta la alineaci\u00f3n con ontolog\u00edas de referencia, especialmente con CIDOC-CRM y FRBoo para la definici\u00f3n de algunas clases y propiedades.<\/p>\n<p>Del mismo modo, se han ampliado algunas de las clases reutilizadas y se han creado nuevas clases y propiedades. De este modo, OntoExhibit a\u00f1ade valor cualitativo y proporciona una nueva dimensi\u00f3n de modelizaci\u00f3n espec\u00edficamente adaptada al \u00e1mbito de las exposiciones. De forma complementaria, el modelo OntoExhibit tambi\u00e9n se ha alineado con el modelo de datos de Europeana para facilitar la agregaci\u00f3n de datos.<\/p>\n<\/div><\/section><br \/>\n\n<style type=\"text\/css\" data-created_by=\"avia_inline_auto\" id=\"style-css-av-lpgt7o9s-1c283250a5463cf9d7c71327b94f0a43\">\n#top .hr.hr-invisible.av-lpgt7o9s-1c283250a5463cf9d7c71327b94f0a43{\nheight:20px;\n}\n<\/style>\n<div  class='hr av-lpgt7o9s-1c283250a5463cf9d7c71327b94f0a43 hr-invisible  avia-builder-el-23  el_after_av_textblock  el_before_av_button '><span class='hr-inner '><span class=\"hr-inner-style\"><\/span><\/span><\/div><br \/>\n<div  class='avia-button-wrap av-lpgt8nhd-3600981ba9a45b8a15cb97c1cc73f57e-wrap avia-button-left  avia-builder-el-24  el_after_av_hr  el_before_av_button '><a href='https:\/\/w3id.org\/OntoExhibit\/'  class='avia-button av-lpgt8nhd-3600981ba9a45b8a15cb97c1cc73f57e av-link-btn avia-icon_select-yes-left-icon avia-size-medium avia-position-left av-icon-on-hover avia-color-theme-color'  target=\"_blank\"  rel=\"noopener noreferrer\"  aria-label=\"V\u00e9ase la ontolog\u00eda\"><span class='avia_button_icon avia_button_icon_left avia-iconfont avia-font-entypo-fontello' data-av_icon='\ue87d' data-av_iconfont='entypo-fontello' ><\/span><span class='avia_iconbox_title' >V\u00e9ase la ontolog\u00eda<\/span><\/a><\/div><br \/>\n<div  class='avia-button-wrap av-lpgt9bal-dff6eebb8f936e30d645b80cc6f7785a-wrap avia-button-left  avia-builder-el-25  el_after_av_button  el_before_av_button '><a href='https:\/\/github.com\/Complexhibit-Project\/'  class='avia-button av-lpgt9bal-dff6eebb8f936e30d645b80cc6f7785a av-link-btn avia-icon_select-yes-left-icon avia-size-medium avia-position-left av-icon-on-hover avia-color-theme-color'  target=\"_blank\"  rel=\"noopener noreferrer\"  aria-label=\"Consultar Documentaci\u00f3n\"><span class='avia_button_icon avia_button_icon_left avia-iconfont avia-font-entypo-fontello' data-av_icon='\ue87d' data-av_iconfont='entypo-fontello' ><\/span><span class='avia_iconbox_title' >Consultar Documentaci\u00f3n<\/span><\/a><\/div><br \/>\n<div  class='avia-button-wrap av-lpgt9wne-6456e40b1ba357d68921d473f20b580e-wrap avia-button-left  avia-builder-el-26  el_after_av_button  avia-builder-el-last '><a href='http:\/\/www.complexhibit.es\/sparql'  class='avia-button av-lpgt9wne-6456e40b1ba357d68921d473f20b580e av-link-btn avia-icon_select-yes-left-icon avia-size-medium avia-position-left av-icon-on-hover avia-color-theme-color'  target=\"_blank\"  rel=\"noopener noreferrer\"  aria-label=\"Consultar Grafo conocimiento (SPARQL)\"><span class='avia_button_icon avia_button_icon_left avia-iconfont avia-font-entypo-fontello' data-av_icon='\ue87d' data-av_iconfont='entypo-fontello' ><\/span><span class='avia_iconbox_title' >Consultar Grafo conocimiento (SPARQL)<\/span><\/a><\/div><\/p><\/div>\n<\/div><\/div><\/div><!-- close content main div --><\/div><\/div><div id='after_section_3'  class='main_color av_default_container_wrap container_wrap sidebar_right'  ><div class='container av-section-cont-open' ><div class='template-page content  av-content-small alpha units'><div class='post-entry post-entry-type-page post-entry-28'><div class='entry-content-wrapper clearfix'><\/p>\n","protected":false},"excerpt":{"rendered":"","protected":false},"author":1,"featured_media":0,"parent":0,"menu_order":3,"comment_status":"closed","ping_status":"closed","template":"","meta":{"footnotes":""},"class_list":["post-28","page","type-page","status-publish","hentry"],"_links":{"self":[{"href":"https:\/\/complexhibit.eu\/es_es\/wp-json\/wp\/v2\/pages\/28","targetHints":{"allow":["GET"]}}],"collection":[{"href":"https:\/\/complexhibit.eu\/es_es\/wp-json\/wp\/v2\/pages"}],"about":[{"href":"https:\/\/complexhibit.eu\/es_es\/wp-json\/wp\/v2\/types\/page"}],"author":[{"embeddable":true,"href":"https:\/\/complexhibit.eu\/es_es\/wp-json\/wp\/v2\/users\/1"}],"replies":[{"embeddable":true,"href":"https:\/\/complexhibit.eu\/es_es\/wp-json\/wp\/v2\/comments?post=28"}],"version-history":[{"count":0,"href":"https:\/\/complexhibit.eu\/es_es\/wp-json\/wp\/v2\/pages\/28\/revisions"}],"wp:attachment":[{"href":"https:\/\/complexhibit.eu\/es_es\/wp-json\/wp\/v2\/media?parent=28"}],"curies":[{"name":"wp","href":"https:\/\/api.w.org\/{rel}","templated":true}]}}