{"id":19,"date":"2023-11-15T05:54:06","date_gmt":"2023-11-15T05:54:06","guid":{"rendered":"https:\/\/complexhibit.eu\/?page_id=19"},"modified":"2025-09-02T05:11:53","modified_gmt":"2025-09-02T05:11:53","slug":"el-proyecto","status":"publish","type":"page","link":"https:\/\/complexhibit.eu\/es_es\/el-proyecto\/","title":{"rendered":"El proyecto"},"content":{"rendered":"\n<style type=\"text\/css\" data-created_by=\"avia_inline_auto\" id=\"style-css-av-qi6j-f375b38b724a3216e7bfe655d7370e06\">\n.avia-section.av-qi6j-f375b38b724a3216e7bfe655d7370e06{\nbackground-color:#000000;\nbackground-image:unset;\n}\n<\/style>\n<div id='av_section_1'  class='avia-section av-qi6j-f375b38b724a3216e7bfe655d7370e06 main_color avia-section-default avia-no-border-styling  avia-builder-el-0  el_before_av_submenu  avia-builder-el-first  avia-bg-style-scroll av-minimum-height av-minimum-height-custom av-height-custom  av-section-with-video-bg av-section-mobile-video-disabled container_wrap sidebar_right'   data-av_minimum_height_px='400' data-section-video-ratio='16:9'><div  class='avia-slideshow av_slideshow_obj-1-69e5ab37d47b9 avia-slideshow-featured av_slideshow avia-slide-slider av-slideshow-ui av-control-default av-slideshow-manual av-loop-once av-loop-manual-endless av-default-height-applied  av-section-video-bg avia-slideshow-1' data-slideshow-options=\"{&quot;animation&quot;:&quot;slide&quot;,&quot;autoplay&quot;:false,&quot;loop_autoplay&quot;:&quot;once&quot;,&quot;interval&quot;:5,&quot;loop_manual&quot;:&quot;manual-endless&quot;,&quot;autoplay_stopper&quot;:false,&quot;noNavigation&quot;:false,&quot;bg_slider&quot;:false,&quot;keep_padding&quot;:false,&quot;hoverpause&quot;:false,&quot;show_slide_delay&quot;:0}\"  itemprop=\"image\" itemscope=\"itemscope\" itemtype=\"https:\/\/schema.org\/ImageObject\" ><ul class='avia-slideshow-inner ' style='padding-bottom: 28.666666666667%;'><li  data-controls='disabled' data-mute='aviaTBaviaTBvideo_mute' data-loop='1' data-disable-autoplay=''  data-video-ratio='1.7777777777778' class='avia-slideshow-slide av_slideshow_obj-1-69e5ab37d47b9__0  av-video-slide  av-video-service-html5  av-hide-video-controls av-mute-video av-loop-video  av-single-slide slide-1 slide-odd'><div data-rel='slideshow-1' class='avia-slide-wrap '    itemprop=\"video\" itemtype=\"https:\/\/schema.org\/VideoObject\" ><div class='av-click-overlay'><\/div><video class='avia_video'  autoplay playsinline loop preload=\"metadata\" muted  id='player_19_1256152908_234838468'><source src=\"https:\/\/complexhibit.eu\/wp-content\/uploads\/2023\/11\/video-pexels-pressmaster.mp4\" type=\"video\/mp4\" \/><\/video><div class=\"av-click-to-play-overlay\"><div class=\"avia_playpause_icon\"><\/div><\/div><\/div><\/li><\/ul><\/div><div class='container av-section-cont-open' style='height:400px'><main  role=\"main\" itemprop=\"mainContentOfPage\"  class='template-page content  av-content-small alpha units'><div class='post-entry post-entry-type-page post-entry-19'><div class='entry-content-wrapper clearfix'>\n\n<style type=\"text\/css\" data-created_by=\"avia_inline_auto\" id=\"style-css-av-lphgsvnl-a9c09d6d04ee279e734562fe78ac761c\">\n#top .av-special-heading.av-lphgsvnl-a9c09d6d04ee279e734562fe78ac761c{\nmargin:30px 0 0 0;\npadding-bottom:10px;\ncolor:#ffffff;\n}\nbody .av-special-heading.av-lphgsvnl-a9c09d6d04ee279e734562fe78ac761c .av-special-heading-tag .heading-char{\nfont-size:25px;\n}\n.av-special-heading.av-lphgsvnl-a9c09d6d04ee279e734562fe78ac761c .special-heading-inner-border{\nborder-color:#ffffff;\n}\n.av-special-heading.av-lphgsvnl-a9c09d6d04ee279e734562fe78ac761c .av-subheading{\nfont-size:15px;\n}\n<\/style>\n<div  class='av-special-heading av-lphgsvnl-a9c09d6d04ee279e734562fe78ac761c av-special-heading-h2 custom-color-heading blockquote modern-quote modern-centered  avia-builder-el-1  avia-builder-el-no-sibling '><h2 class='av-special-heading-tag '  itemprop=\"headline\"  >El proyecto<\/h2><div class=\"special-heading-border\"><div class=\"special-heading-inner-border\"><\/div><\/div><\/div>\n\n<\/div><\/div><\/main><!-- close content main element --><\/div><\/div><div class='clear'><\/div><div id='sub_menu1'  class='av-submenu-container av-mf232f32-003dbbc35b3bd9b91938d16880907e33 main_color  avia-builder-el-2  el_after_av_section  el_before_av_section  av-sticky-submenu submenu-not-first container_wrap sidebar_right' style='z-index:301' ><div class='container av-menu-mobile-disabled av-submenu-pos-center'><ul id='av-custom-submenu-1' class='av-subnav-menu' role='menu'>\n<li class='menu-item av-mf231cfe-798059f583d8d0f0f278d37c893027ec menu-item-top-level menu-item-top-level-1' role='menuitem'><a href='#descripcion-general'  ><span class='avia-bullet'><\/span><span class='avia-menu-text'>Descripci\u00f3n General<\/span><\/a><\/li>\n<li class='menu-item av-mf232dlp-f4e2a946a5486a73d66a53c52322f8a7 menu-item-top-level menu-item-top-level-2' role='menuitem'><a href='#objetivos-generales'  ><span class='avia-bullet'><\/span><span class='avia-menu-text'>Objetivos Generales<\/span><\/a><\/li>\n<li class='menu-item av-mf236k8y-8fa588dcb84ca5995d635da39314f232 menu-item-top-level menu-item-top-level-3' role='menuitem'><a href='#objetivos-especificos'  ><span class='avia-bullet'><\/span><span class='avia-menu-text'>Objetivos Espec\u00edficos<\/span><\/a><\/li>\n<li class='menu-item av-twmv-5d77f177cbd06fb2fb3c335accddd9c1 menu-item-top-level menu-item-top-level-4' role='menuitem'><a href='#desarrollo-proyecto'  ><span class='avia-bullet'><\/span><span class='avia-menu-text'>Desarrollo del proyecto<\/span><\/a><\/li>\n<\/ul><\/div><\/div><div class='sticky_placeholder'><\/div>\n<div id='av_section_2'  class='avia-section av-2uju3-6a3ad0fa2cdd5d3b4f9e05e438a817e3 main_color avia-section-default avia-no-border-styling  avia-builder-el-3  el_after_av_submenu  el_before_av_section  avia-bg-style-scroll container_wrap sidebar_right'  ><div class='container av-section-cont-open' ><div class='template-page content  av-content-small alpha units'><div class='post-entry post-entry-type-page post-entry-19'><div class='entry-content-wrapper clearfix'>\n\n<style type=\"text\/css\" data-created_by=\"avia_inline_auto\" id=\"style-css-av-lpa5127o-5e244212a60659d52341acbdb9c49f46\">\n#top .av-special-heading.av-lpa5127o-5e244212a60659d52341acbdb9c49f46{\npadding-bottom:10px;\n}\nbody .av-special-heading.av-lpa5127o-5e244212a60659d52341acbdb9c49f46 .av-special-heading-tag .heading-char{\nfont-size:25px;\n}\n#top #wrap_all .av-special-heading.av-lpa5127o-5e244212a60659d52341acbdb9c49f46 .av-special-heading-tag{\npadding:20px 0 0 0;\n}\n.av-special-heading.av-lpa5127o-5e244212a60659d52341acbdb9c49f46 .av-subheading{\nfont-size:15px;\n}\n<\/style>\n<div  id=\"descripcion-general\"  class='av-special-heading av-lpa5127o-5e244212a60659d52341acbdb9c49f46 av-special-heading-h2 blockquote modern-quote modern-centered  avia-builder-el-4  el_before_av_hr  avia-builder-el-first '><h2 class='av-special-heading-tag '  itemprop=\"headline\"  >Descripci\u00f3n general<\/h2><div class=\"special-heading-border\"><div class=\"special-heading-inner-border\"><\/div><\/div><\/div>\n<div  class='hr av-4pa2n-2b9414a95badd09b766c344b002f8399 hr-default  avia-builder-el-5  el_after_av_heading  el_before_av_one_full '><span class='hr-inner '><span class=\"hr-inner-style\"><\/span><\/span><\/div>\n\n<style type=\"text\/css\" data-created_by=\"avia_inline_auto\" id=\"style-css-av-3theb-fed81fa194b434ed0b9aeca469190f76\">\n.flex_column.av-3theb-fed81fa194b434ed0b9aeca469190f76{\npadding:0px 50px 0px 50px;\n}\n<\/style>\n<div  class='flex_column av-3theb-fed81fa194b434ed0b9aeca469190f76 av_one_full  avia-builder-el-6  el_after_av_hr  avia-builder-el-last  first flex_column_div  '     ><section  class='av_textblock_section av-vnwn-a2205faf8eabe60cb9b069384ea942f7 '   itemscope=\"itemscope\" itemtype=\"https:\/\/schema.org\/CreativeWork\" ><div class='avia_textblock'  itemprop=\"text\" ><p><strong>Complexhibit<\/strong> es un proyecto de investigaci\u00f3n que busca comprender el universo de las exposiciones art\u00edsticas desde la perspectiva de los <strong data-start=\"302\" data-end=\"335\">sistemas culturales complejos<\/strong>. Su objetivo es desvelar c\u00f3mo se configuran, transforman y producen sentido las exposiciones, entendidas no solo como eventos culturales aislados, sino como un <strong data-start=\"496\" data-end=\"518\">entramado din\u00e1mico<\/strong> de instituciones, personas, objetos, infraestructuras, discursos e ideas en constante interacci\u00f3n.<\/p>\n<p data-start=\"621\" data-end=\"1255\">Para ello, combinamos los m\u00e9todos propios de la <strong data-start=\"669\" data-end=\"690\">Historia del Arte<\/strong> con los de las <strong data-start=\"706\" data-end=\"818\">Ciencias de la Complejidad, la Ciencia de Datos, el Procesamiento del Lenguaje Natural y la Ciencia de Redes<\/strong>, desarrollando tecnolog\u00edas capaces de extraer, organizar y analizar informaci\u00f3n procedente de cat\u00e1logos, cr\u00edticas de arte y repositorios especializados. Esta hibridaci\u00f3n no est\u00e1 permitiendo construir <strong data-start=\"1007\" data-end=\"1045\">modelos matem\u00e1ticos y conceptuales<\/strong>, as\u00ed como desarrollar herramientas tecnol\u00f3gicas para el <strong data-start=\"1102\" data-end=\"1147\">an\u00e1lisis multidimensional a gran escala<\/strong> del ecosistema expositivo, lo cual facilitar\u00e1 la visualizaci\u00f3n y comprensi\u00f3n de sus din\u00e1micas de funcionamiento.<\/p>\n<p data-start=\"1257\" data-end=\"1947\">El resultado principal ser\u00e1 <strong data-start=\"1285\" data-end=\"1305\">Complexhibit 1.0<\/strong>, un sistema abierto de conocimiento que integrar\u00e1 datos estructurados y enlazados (Linked Open Data) sobre exposiciones, cat\u00e1logos y textos cr\u00edticos. Esta infraestructura digital estar\u00e1 disponible tanto para la comunidad acad\u00e9mica como para instituciones culturales y agentes sociales, favoreciendo la <strong data-start=\"1608\" data-end=\"1668\">reutilizaci\u00f3n de datos, la transferencia de conocimiento<\/strong> y el impulso de nuevas l\u00edneas de investigaci\u00f3n en el \u00e1mbito de las <strong data-start=\"1736\" data-end=\"1784\">Humanidades Digitales y la Historia del Arte<\/strong>. Con ello, aspiramos no solo a profundizar en la comprensi\u00f3n del sistema del arte, sino tambi\u00e9n a <strong data-start=\"1883\" data-end=\"1944\">impulsar la innovaci\u00f3n cultural y la transferencia social<\/strong>.<\/p>\n<\/div><\/section><\/div>\n\n<\/div><\/div><\/div><!-- close content main div --><\/div><\/div><div id='av_section_3'  class='avia-section av-3cnzv-b3d27d8bf50ce029a017170718c65ad0 main_color avia-section-default avia-no-border-styling  avia-builder-el-8  el_after_av_section  el_before_av_section  avia-bg-style-scroll container_wrap sidebar_right'  ><div class='container av-section-cont-open' ><div class='template-page content  av-content-small alpha units'><div class='post-entry post-entry-type-page post-entry-19'><div class='entry-content-wrapper clearfix'>\n\n<style type=\"text\/css\" data-created_by=\"avia_inline_auto\" id=\"style-css-av-2sytb-f3185ca0a09b2382e78d29b21f8bda18\">\n#top .av-special-heading.av-2sytb-f3185ca0a09b2382e78d29b21f8bda18{\npadding-bottom:10px;\n}\nbody .av-special-heading.av-2sytb-f3185ca0a09b2382e78d29b21f8bda18 .av-special-heading-tag .heading-char{\nfont-size:25px;\n}\n#top #wrap_all .av-special-heading.av-2sytb-f3185ca0a09b2382e78d29b21f8bda18 .av-special-heading-tag{\npadding:20px 0 0 0;\n}\n.av-special-heading.av-2sytb-f3185ca0a09b2382e78d29b21f8bda18 .av-subheading{\nfont-size:15px;\n}\n<\/style>\n<div  id=\"objetivos-generales\"  class='av-special-heading av-2sytb-f3185ca0a09b2382e78d29b21f8bda18 av-special-heading-h2 blockquote modern-quote modern-centered  avia-builder-el-9  el_before_av_hr  avia-builder-el-first  av-linked-heading'><h2 class='av-special-heading-tag '  itemprop=\"headline\"  ><a class=\"av-heading-link\" href=\"#objetivos-generales\" >Objetivos generales<\/a><\/h2><div class=\"special-heading-border\"><div class=\"special-heading-inner-border\"><\/div><\/div><\/div>\n<div  class='hr av-1y9vj-3b618facc2e1b35b55b7846926629cb6 hr-default  avia-builder-el-10  el_after_av_heading  el_before_av_one_full '><span class='hr-inner '><span class=\"hr-inner-style\"><\/span><\/span><\/div>\n\n<style type=\"text\/css\" data-created_by=\"avia_inline_auto\" id=\"style-css-av-1byej-c57a4afb685b5a79eb5ce44ae3632b29\">\n.flex_column.av-1byej-c57a4afb685b5a79eb5ce44ae3632b29{\npadding:0px 50px 0px 50px;\n}\n<\/style>\n<div  class='flex_column av-1byej-c57a4afb685b5a79eb5ce44ae3632b29 av_one_full  avia-builder-el-11  el_after_av_hr  avia-builder-el-last  first flex_column_div  '     ><section  class='av_textblock_section av-xn4j-d52ee69264fc0b26c25bf793932df019 '   itemscope=\"itemscope\" itemtype=\"https:\/\/schema.org\/CreativeWork\" ><div class='avia_textblock'  itemprop=\"text\" ><p class=\"p1\"><b>1.<\/b> <b>Avanzar en la sistematizaci\u00f3n de un marco te\u00f3rico-metodol\u00f3gico<\/b> para el an\u00e1lisis e interpretaci\u00f3n del \u00e1mbito de las exposiciones art\u00edsticas en su condici\u00f3n de sistema cultural hipercomplejo mediante procesos de modelizaci\u00f3n matem\u00e1tica y conceptual.<span class=\"Apple-converted-space\">\u00a0<\/span><\/p>\n<p class=\"p1\"><b>2. Producir conocimiento desde el enfoque de las Ciencias de la Complejidad <\/b>sobre la configuraci\u00f3n, estructuras, redes, interacciones, din\u00e1micas de transformaci\u00f3n-evoluci\u00f3n y l\u00f3gicas de comportamiento del sistema expositivo en Espa\u00f1a, fundamentalmente el asociado al arte contempor\u00e1neo, en sus dimensiones socioinstitucional y sem\u00e1ntico-discursivas.<span class=\"Apple-converted-space\">\u00a0<\/span><\/p>\n<p class=\"p1\"><b>3. Desarrollar sistemas tecnol\u00f3gicos <\/b>que posibiliten la producci\u00f3n de conjuntos heterog\u00e9neos y multivalentes de datos enriquecidos, interrelacionados, abiertos y enlazados sobre el dominio de las exposiciones art\u00edsticas y que faciliten, al mismo tiempo, su reutilizaci\u00f3n para la generaci\u00f3n de nuevo conocimiento.<\/p>\n<\/div><\/section><\/div>\n\n<\/div><\/div><\/div><!-- close content main div --><\/div><\/div><div id='av_section_4'  class='avia-section av-1b3uj-20e6d0898aa04b4450e992904520d413 main_color avia-section-default avia-no-border-styling  avia-builder-el-13  el_after_av_section  el_before_av_section  avia-bg-style-scroll container_wrap sidebar_right'  ><div class='container av-section-cont-open' ><div class='template-page content  av-content-small alpha units'><div class='post-entry post-entry-type-page post-entry-19'><div class='entry-content-wrapper clearfix'>\n\n<style type=\"text\/css\" data-created_by=\"avia_inline_auto\" id=\"style-css-av-lpa51kxz-4552963775da9759af9464102ded45ce\">\n#top .av-special-heading.av-lpa51kxz-4552963775da9759af9464102ded45ce{\npadding-bottom:10px;\n}\nbody .av-special-heading.av-lpa51kxz-4552963775da9759af9464102ded45ce .av-special-heading-tag .heading-char{\nfont-size:25px;\n}\n#top #wrap_all .av-special-heading.av-lpa51kxz-4552963775da9759af9464102ded45ce .av-special-heading-tag{\npadding:20px 0 0 0;\n}\n.av-special-heading.av-lpa51kxz-4552963775da9759af9464102ded45ce .av-subheading{\nfont-size:15px;\n}\n<\/style>\n<div  id=\"objetivos-especificos\"  class='av-special-heading av-lpa51kxz-4552963775da9759af9464102ded45ce av-special-heading-h2 blockquote modern-quote modern-centered  avia-builder-el-14  el_before_av_hr  avia-builder-el-first '><h2 class='av-special-heading-tag '  itemprop=\"headline\"  >Objetivos espec\u00edficos<\/h2><div class=\"special-heading-border\"><div class=\"special-heading-inner-border\"><\/div><\/div><\/div>\n<div  class='hr av-12n2b-2c0d1a73680dd768b152ebe04e997b94 hr-default  avia-builder-el-15  el_after_av_heading  el_before_av_one_full '><span class='hr-inner '><span class=\"hr-inner-style\"><\/span><\/span><\/div>\n\n<style type=\"text\/css\" data-created_by=\"avia_inline_auto\" id=\"style-css-av-2zvv-8f77d216735de6912ac916af2e023941\">\n.flex_column.av-2zvv-8f77d216735de6912ac916af2e023941{\npadding:0px 50px 0px 50px;\n}\n<\/style>\n<div  class='flex_column av-2zvv-8f77d216735de6912ac916af2e023941 av_one_full  avia-builder-el-16  el_after_av_hr  avia-builder-el-last  first flex_column_div  '     ><section  class='av_textblock_section av-lp9m9lcm-33ad908b253e2ae635f09f7e6f8a1045 '   itemscope=\"itemscope\" itemtype=\"https:\/\/schema.org\/CreativeWork\" ><div class='avia_textblock'  itemprop=\"text\" ><p class=\"p1\">Para la consecuci\u00f3n de los objetivos generales anteriores, es necesario:<\/p>\n<p class=\"p1\"><b>1. Desarrollar un sistema tecnol\u00f3gico para la extracci\u00f3n autom\u00e1tica y estructurada de la informaci\u00f3n heterog\u00e9nea vehiculada por los cat\u00e1logos <\/b>de exposiciones art\u00edsticas a fin de que podamos: <b>a)<\/b> incrementar de manera eficiente la cantidad y variedad del conjunto de datos que ya se encuentra registrado en Expofinder; y <b>b)<\/b> desarrollar un corpus ling\u00fc\u00edstico basado en textos asociados a las exposiciones art\u00edsticas.<span class=\"Apple-converted-space\">\u00a0<\/span><\/p>\n<p class=\"p1\"><b>2. Desarrollar un sistema tecnol\u00f3gico para la captura, compilaci\u00f3n y descripci\u00f3n con metainformaci\u00f3n espec\u00edfica de textos de cr\u00edtica de arte, <\/b>publicados en formato digital, relacionados con las exposiciones celebradas en el periodo objeto de an\u00e1lisis.<b><span class=\"Apple-converted-space\">\u00a0<\/span><\/b><\/p>\n<p class=\"p1\"><b>3. <span class=\"Apple-converted-space\">\u00a0 <\/span><\/b>A partir de la informaci\u00f3n proporcionada por los modelos tecnol\u00f3gicos indicados en los objetivos espec\u00edficos 1 y 2, <b>construir un corpus ling\u00fc\u00edstico <\/b>analizable mediante metodolog\u00edas de PLN que nos permita extraer la sem\u00e1ntica, redes de conceptos, estrategias argumentativas y otros conocimientos impl\u00edcitos y no directamente evidentes presentes en los textos del corpus. <span class=\"Apple-converted-space\">\u00a0<\/span><\/p>\n<p class=\"p1\"><b>4.<span class=\"Apple-converted-space\">\u00a0 <\/span>Implementar un tesauro en SKOS-Core sobre discursos y narrativas curatoriales <\/b>a fin de que este pueda complementar el an\u00e1lisis sem\u00e1ntico-ling\u00fc\u00edstico realizado sobre los textos del corpus y, asimismo, pueda integrarse en el modelo ontol\u00f3gico de referencia.<span class=\"Apple-converted-space\">\u00a0<\/span><\/p>\n<p class=\"p1\"><b>5.<span class=\"Apple-converted-space\">\u00a0 <\/span>Llevar a cabo una ampliaci\u00f3n y consolidaci\u00f3n del corpus Expofinder<\/b> a fin de cubrir el arco cronol\u00f3gico 2007-2020 e incorporar el registro de las obras exhibidas en las exposiciones. <span class=\"Apple-converted-space\">\u00a0<\/span><\/p>\n<p class=\"p1\"><b>6.<\/b><span class=\"Apple-converted-space\">\u00a0 <\/span><b>Realizar un an\u00e1lisis del sistema expositivo <\/b>en el periodo se\u00f1alado para extraer, a trav\u00e9s de estrategias de an\u00e1lisis procedentes de la Ciencia de Datos, la Ciencia de Redes y el PLN, un conocimiento que nos permita comprender mejor su configuraci\u00f3n y comportamiento como sistema cultural hipercomplejo. <span class=\"Apple-converted-space\">\u00a0<\/span><\/p>\n<p class=\"p1\"><b>7.<\/b> <b>Acometer el<\/b> <b>dise\u00f1o y formalizaci\u00f3n de modelos conceptuales y matem\u00e1ticos<\/b> concebidos espec\u00edficamente para caracterizar y analizar comportamientos y din\u00e1micas que son propias del \u00e1mbito expositivo. Se aspira a que estos modelos conceptuales y matem\u00e1ticos puedan aplicarse para la caracterizaci\u00f3n, an\u00e1lisis e interpretaci\u00f3n de otros sistemas culturales que presenten din\u00e1micas similares. <span class=\"Apple-converted-space\">\u00a0<\/span><\/p>\n<p class=\"p1\"><b>8<\/b>. <b>Explorar nuevas formas de visualizaci\u00f3n de datos y presentaci\u00f3n de resultados computacionales<\/b> a partir del dise\u00f1o de interfaces gr\u00e1ficas, interactivas y multimodales.<span class=\"Apple-converted-space\">\u00a0<\/span><\/p>\n<p class=\"p1\"><b>9<\/b>. <span class=\"Apple-converted-space\">\u00a0 <\/span><b>Desarrollar y publicar el sistema de conocimiento Complexhibit<\/b> que permitir\u00e1 el acceso a los datos como LOD, as\u00ed como su consulta mediante puntos SPARQL y buscador facetado.<span class=\"Apple-converted-space\">\u00a0<\/span><\/p>\n<\/div><\/section><\/div>\n\n<\/div><\/div><\/div><!-- close content main div --><\/div><\/div><div id='av_section_5'  class='avia-section av-1yojb-93aa088d3628a7d114ec45539c964572 main_color avia-section-default avia-no-border-styling  avia-builder-el-18  el_after_av_section  avia-builder-el-last  avia-bg-style-scroll container_wrap sidebar_right'  ><div class='container av-section-cont-open' ><div class='template-page content  av-content-small alpha units'><div class='post-entry post-entry-type-page post-entry-19'><div class='entry-content-wrapper clearfix'>\n\n<style type=\"text\/css\" data-created_by=\"avia_inline_auto\" id=\"style-css-av-mey24pct-0668ab6b1076eaab1d8e1df03bf5f879\">\n#top .av-special-heading.av-mey24pct-0668ab6b1076eaab1d8e1df03bf5f879{\npadding-bottom:10px;\n}\nbody .av-special-heading.av-mey24pct-0668ab6b1076eaab1d8e1df03bf5f879 .av-special-heading-tag .heading-char{\nfont-size:25px;\n}\n#top #wrap_all .av-special-heading.av-mey24pct-0668ab6b1076eaab1d8e1df03bf5f879 .av-special-heading-tag{\npadding:20px 0 0 0;\n}\n.av-special-heading.av-mey24pct-0668ab6b1076eaab1d8e1df03bf5f879 .av-subheading{\nfont-size:15px;\n}\n<\/style>\n<div  id=\"desarrollo-proyecto\"  class='av-special-heading av-mey24pct-0668ab6b1076eaab1d8e1df03bf5f879 av-special-heading-h2 blockquote modern-quote modern-centered  avia-builder-el-19  el_before_av_hr  avia-builder-el-first '><h2 class='av-special-heading-tag '  itemprop=\"headline\"  >Desarrollo del proyecto<\/h2><div class=\"special-heading-border\"><div class=\"special-heading-inner-border\"><\/div><\/div><\/div>\n<div  class='hr av-1cn3f-667397ebe8e58525ad4539fd871169e0 hr-default  avia-builder-el-20  el_after_av_heading  el_before_av_one_full '><span class='hr-inner '><span class=\"hr-inner-style\"><\/span><\/span><\/div>\n\n<style type=\"text\/css\" data-created_by=\"avia_inline_auto\" id=\"style-css-av-rr37-eac84e90738832dc151c39d61bc068c6\">\n.flex_column.av-rr37-eac84e90738832dc151c39d61bc068c6{\npadding:0px 50px 0px 50px;\n}\n<\/style>\n<div  class='flex_column av-rr37-eac84e90738832dc151c39d61bc068c6 av_one_full  avia-builder-el-21  el_after_av_hr  avia-builder-el-last  first flex_column_div  '     ><section  class='av_textblock_section av-mey25kyc-a2efdd5f3a3bdef49d258738512849cf '   itemscope=\"itemscope\" itemtype=\"https:\/\/schema.org\/CreativeWork\" ><div class='avia_textblock'  itemprop=\"text\" ><p>El trabajo de <strong>Complexhibit<\/strong> se organiza en distintas fases que avanzan de la captura de informaci\u00f3n a su formalizaci\u00f3n sem\u00e1ntica y posterior an\u00e1lisis.<\/p>\n<ol>\n<li><strong>Extracci\u00f3n y producci\u00f3n de datos<\/strong>: en primer lugar, se implementar\u00e1n herramientas de <strong>procesamiento del lenguaje natural y <em>deep learning<\/em><\/strong> para extraer y estructurar autom\u00e1ticamente informaci\u00f3n contenida en cat\u00e1logos de exposiciones y cr\u00edticas de arte. Con ello se construir\u00e1 un corpus in\u00e9dito de textos y datos estructurados asociados al sistema expositivo.<\/li>\n<li><strong>Modelado ontol\u00f3gico<\/strong>: complementariamente, se seguir\u00e1 con el modelado de <strong>OntoExhibit<\/strong>, una ontolog\u00eda dise\u00f1ada para formalizar de manera precisa las distintas dimensiones del \u00e1mbito expositivo (actores, obras, discursos, contextos, etc.). Este modelo sem\u00e1ntico constituye la infraestructura conceptual que sustenta la interoperabilidad y el an\u00e1lisis.<\/li>\n<li><strong>Desarrollo de vocabularios y tesauros<\/strong>: en paralelo, se elaborar\u00e1n <strong>vocabularios normalizados<\/strong> y un <strong>tesauro SKOS de conceptos curatoriales y narrativas expositivas<\/strong>, que permitir\u00e1n sistematizar y estandarizar los discursos e ideas vinculados a las pr\u00e1cticas curatoriales.<\/li>\n<li><strong>Construcci\u00f3n del grafo de conocimiento<\/strong>: con OntoExhibit y los vocabularios como marco, los datos se integrar\u00e1n en un <strong>grafo de conocimiento sem\u00e1ntico (Complexhibit)<\/strong>, publicado como <em>Linked Open Data<\/em>, donde se relacionar\u00e1n actores, objetos culturales y discursos en un mismo entramado interoperable.<\/li>\n<li><strong>An\u00e1lisis y modelizaci\u00f3n<\/strong>: sobre este grafo se aplicar\u00e1n t\u00e9cnicas de <strong>Ciencia de Datos, Ciencia de Redes y Ciencias de la Complejidad<\/strong> para identificar patrones de colaboraci\u00f3n, transformaciones institucionales, din\u00e1micas sem\u00e1nticas y procesos de evoluci\u00f3n del sistema expositivo espa\u00f1ol entre 2007 y 2020.<\/li>\n<li><strong>Visualizaci\u00f3n y exploraci\u00f3n<\/strong>: los resultados se materializar\u00e1n en <strong>interfaces <\/strong>que permitir\u00e1n explorar redes, cartograf\u00edas y narrativas curatoriales, haciendo accesibles y comprensibles procesos complejos a trav\u00e9s de las visualizaciones.<\/li>\n<li>Los resultados se har\u00e1n accesibles mediante <strong>Complexhibit 1.0<\/strong>, una plataforma abierta que integrar\u00e1 el corpus de datos estructurados como <strong>Linked Open Data<\/strong> y ofrecer\u00e1 herramientas para explorar grafos, cartograf\u00edas y narrativas curatoriales.<\/li>\n<li>Finalmente, el proyecto contempla un <strong>fuerte componente de transferencia<\/strong>: los datos, modelos, vocabularios, herramientas y toda la documentaci\u00f3n producida, estar\u00e1n disponibles para su reutilizaci\u00f3n por parte de investigadores, museos, administraciones y sectores creativos, contribuyendo tanto a la investigaci\u00f3n acad\u00e9mica como a la toma de decisiones en pol\u00edticas culturales y a la innovaci\u00f3n en pr\u00e1cticas curatoriales y museogr\u00e1ficas.<\/li>\n<\/ol>\n<\/div><\/section><\/div><\/div><\/div><\/div><!-- close content main div --><\/div><\/div><div id='after_section_5'  class='main_color av_default_container_wrap container_wrap sidebar_right'  ><div class='container av-section-cont-open' ><div class='template-page content  av-content-small alpha units'><div class='post-entry post-entry-type-page post-entry-19'><div class='entry-content-wrapper clearfix'>\n","protected":false},"excerpt":{"rendered":"","protected":false},"author":1,"featured_media":0,"parent":0,"menu_order":1,"comment_status":"closed","ping_status":"closed","template":"","meta":{"footnotes":""},"class_list":["post-19","page","type-page","status-publish","hentry"],"_links":{"self":[{"href":"https:\/\/complexhibit.eu\/es_es\/wp-json\/wp\/v2\/pages\/19","targetHints":{"allow":["GET"]}}],"collection":[{"href":"https:\/\/complexhibit.eu\/es_es\/wp-json\/wp\/v2\/pages"}],"about":[{"href":"https:\/\/complexhibit.eu\/es_es\/wp-json\/wp\/v2\/types\/page"}],"author":[{"embeddable":true,"href":"https:\/\/complexhibit.eu\/es_es\/wp-json\/wp\/v2\/users\/1"}],"replies":[{"embeddable":true,"href":"https:\/\/complexhibit.eu\/es_es\/wp-json\/wp\/v2\/comments?post=19"}],"version-history":[{"count":0,"href":"https:\/\/complexhibit.eu\/es_es\/wp-json\/wp\/v2\/pages\/19\/revisions"}],"wp:attachment":[{"href":"https:\/\/complexhibit.eu\/es_es\/wp-json\/wp\/v2\/media?parent=19"}],"curies":[{"name":"wp","href":"https:\/\/api.w.org\/{rel}","templated":true}]}}