{"id":1293,"date":"2026-04-28T04:22:49","date_gmt":"2026-04-28T04:22:49","guid":{"rendered":"https:\/\/complexhibit.eu\/?page_id=1293"},"modified":"2026-04-28T04:23:13","modified_gmt":"2026-04-28T04:23:13","slug":"aviso-legal","status":"publish","type":"page","link":"https:\/\/complexhibit.eu\/es_es\/aviso-legal\/","title":{"rendered":"Aviso Legal"},"content":{"rendered":"<div id='av_section_1'  class='avia-section av-1zrtz1-2bd86de6eef197415d211918d041d911 main_color avia-section-huge avia-no-border-styling  avia-builder-el-0  avia-builder-el-no-sibling  avia-bg-style-scroll container_wrap sidebar_right'  ><div class='container av-section-cont-open' ><main  role=\"main\" itemprop=\"mainContentOfPage\"  class='template-page content  av-content-small alpha units'><div class='post-entry post-entry-type-page post-entry-1293'><div class='entry-content-wrapper clearfix'>\n\n<style type=\"text\/css\" data-created_by=\"avia_inline_auto\" id=\"style-css-av-moi4ea7w-cd849272fb5e7fdf7b60cd28a8ebf103\">\n#top .av-special-heading.av-moi4ea7w-cd849272fb5e7fdf7b60cd28a8ebf103{\npadding-bottom:10px;\n}\nbody .av-special-heading.av-moi4ea7w-cd849272fb5e7fdf7b60cd28a8ebf103 .av-special-heading-tag .heading-char{\nfont-size:25px;\n}\n.av-special-heading.av-moi4ea7w-cd849272fb5e7fdf7b60cd28a8ebf103 .av-subheading{\nfont-size:15px;\n}\n<\/style>\n<div  class='av-special-heading av-moi4ea7w-cd849272fb5e7fdf7b60cd28a8ebf103 av-special-heading-h2  avia-builder-el-1  el_before_av_textblock  avia-builder-el-first '><h2 class='av-special-heading-tag '  itemprop=\"headline\"  >Aviso Legal<\/h2><div class=\"special-heading-border\"><div class=\"special-heading-inner-border\"><\/div><\/div><\/div>\n<section  class='av_textblock_section av-moi4dsuf-da31d00d9aeaf751f210a9e53ba9a29d '   itemscope=\"itemscope\" itemtype=\"https:\/\/schema.org\/CreativeWork\" ><div class='avia_textblock'  itemprop=\"text\" ><p class=\"font-claude-response-body break-words whitespace-normal leading-&#091;1.7&#093;\"><strong>Titularidad del sitio web<\/strong><\/p>\n<p class=\"font-claude-response-body break-words whitespace-normal leading-&#091;1.7&#093;\">En cumplimiento del art\u00edculo 10 de la Ley 34\/2002, de 11 de julio, de Servicios de la Sociedad de la Informaci\u00f3n y de Comercio Electr\u00f3nico (LSSICE), se informa que el presente sitio web <strong>complexhibit.eu<\/strong> es titularidad del proyecto de investigaci\u00f3n <strong>COMPLEXHIBIT<\/strong> (PID2021-125037NB-I00), adscrito al Departamento de Historia del Arte de la Universidad de M\u00e1laga.<\/p>\n<p class=\"font-claude-response-body break-words whitespace-normal leading-&#091;1.7&#093;\"><strong>Responsable:<\/strong> Proyecto Complexhibit \u2013 Universidad de M\u00e1laga <strong>Direcci\u00f3n:<\/strong> Facultad de Filosof\u00eda y Letras, Campus de Teatinos, s\/n, 29071 M\u00e1laga <strong>Tel\u00e9fono:<\/strong> +34 952 132 223 \/ +34 952 133 441 <strong>Web:<\/strong> <a class=\"underline underline underline-offset-2 decoration-1 decoration-current\/40 hover:decoration-current focus:decoration-current\" href=\"https:\/\/complexhibit.eu\/\">https:\/\/complexhibit.eu<\/a><\/p>\n<p class=\"font-claude-response-body break-words whitespace-normal leading-&#091;1.7&#093;\"><strong>Objeto y uso del sitio<\/strong><\/p>\n<p class=\"font-claude-response-body break-words whitespace-normal leading-&#091;1.7&#093;\">Este sitio web tiene fines exclusivamente acad\u00e9micos, cient\u00edficos y divulgativos. Los contenidos publicados (textos, im\u00e1genes, recursos, publicaciones) son propiedad de sus respectivos autores y est\u00e1n protegidos por la legislaci\u00f3n vigente en materia de propiedad intelectual. Queda prohibida su reproducci\u00f3n total o parcial sin autorizaci\u00f3n expresa.<\/p>\n<p class=\"font-claude-response-body break-words whitespace-normal leading-&#091;1.7&#093;\"><strong>Responsabilidad<\/strong><\/p>\n<p class=\"font-claude-response-body break-words whitespace-normal leading-&#091;1.7&#093;\">Complexhibit no se responsabiliza del uso que los usuarios hagan de los contenidos del sitio, ni de los posibles da\u00f1os derivados del acceso a webs externas enlazadas desde este portal.<\/p>\n<\/div><\/section>\n<\/div><\/div><\/main><!-- close content main element --><\/div><\/div><div id='after_section_1'  class='main_color av_default_container_wrap container_wrap sidebar_right'  ><div class='container av-section-cont-open' ><div class='template-page content  av-content-small alpha units'><div class='post-entry post-entry-type-page post-entry-1293'><div class='entry-content-wrapper clearfix'>\n","protected":false},"excerpt":{"rendered":"","protected":false},"author":1,"featured_media":0,"parent":0,"menu_order":10,"comment_status":"closed","ping_status":"closed","template":"","meta":{"footnotes":""},"class_list":["post-1293","page","type-page","status-publish","hentry"],"_links":{"self":[{"href":"https:\/\/complexhibit.eu\/es_es\/wp-json\/wp\/v2\/pages\/1293","targetHints":{"allow":["GET"]}}],"collection":[{"href":"https:\/\/complexhibit.eu\/es_es\/wp-json\/wp\/v2\/pages"}],"about":[{"href":"https:\/\/complexhibit.eu\/es_es\/wp-json\/wp\/v2\/types\/page"}],"author":[{"embeddable":true,"href":"https:\/\/complexhibit.eu\/es_es\/wp-json\/wp\/v2\/users\/1"}],"replies":[{"embeddable":true,"href":"https:\/\/complexhibit.eu\/es_es\/wp-json\/wp\/v2\/comments?post=1293"}],"version-history":[{"count":3,"href":"https:\/\/complexhibit.eu\/es_es\/wp-json\/wp\/v2\/pages\/1293\/revisions"}],"predecessor-version":[{"id":1295,"href":"https:\/\/complexhibit.eu\/es_es\/wp-json\/wp\/v2\/pages\/1293\/revisions\/1295"}],"wp:attachment":[{"href":"https:\/\/complexhibit.eu\/es_es\/wp-json\/wp\/v2\/media?parent=1293"}],"curies":[{"name":"wp","href":"https:\/\/api.w.org\/{rel}","templated":true}]}}