{"id":208,"date":"2024-02-25T10:49:59","date_gmt":"2024-02-25T10:49:59","guid":{"rendered":"https:\/\/complexhibit.eu\/?page_id=208"},"modified":"2025-08-30T10:23:03","modified_gmt":"2025-08-30T10:23:03","slug":"antecedentes","status":"publish","type":"page","link":"https:\/\/complexhibit.eu\/en\/el-proyecto\/antecedentes\/","title":{"rendered":"Background"},"content":{"rendered":"<style type=\"text\/css\" data-created_by=\"avia_inline_auto\" id=\"style-css-av-qi6j-f375b38b724a3216e7bfe655d7370e06\">\n.avia-section.av-qi6j-f375b38b724a3216e7bfe655d7370e06{\nbackground-color:#000000;\nbackground-image:unset;\n}\n<\/style>\n<div id='av_section_1'  class='avia-section av-qi6j-f375b38b724a3216e7bfe655d7370e06 main_color avia-section-default avia-no-border-styling  avia-builder-el-0  el_before_av_section  avia-builder-el-first  avia-bg-style-scroll av-minimum-height av-minimum-height-custom av-height-custom  av-section-with-video-bg av-section-mobile-video-disabled container_wrap sidebar_right'   data-av_minimum_height_px='400' data-section-video-ratio='16:9'><div  class='avia-slideshow av_slideshow_obj-1-69e5c3945e047 avia-slideshow-featured av_slideshow avia-slide-slider av-slideshow-ui av-control-default av-slideshow-manual av-loop-once av-loop-manual-endless av-default-height-applied  av-section-video-bg avia-slideshow-1' data-slideshow-options=\"{&quot;animation&quot;:&quot;slide&quot;,&quot;autoplay&quot;:false,&quot;loop_autoplay&quot;:&quot;once&quot;,&quot;interval&quot;:5,&quot;loop_manual&quot;:&quot;manual-endless&quot;,&quot;autoplay_stopper&quot;:false,&quot;noNavigation&quot;:false,&quot;bg_slider&quot;:false,&quot;keep_padding&quot;:false,&quot;hoverpause&quot;:false,&quot;show_slide_delay&quot;:0}\"  itemprop=\"image\" itemscope=\"itemscope\" itemtype=\"https:\/\/schema.org\/ImageObject\" ><ul class='avia-slideshow-inner' style='padding-bottom: 28.666666666667%;'><li  data-controls='disabled' data-mute='aviaTBaviaTBvideo_mute' data-loop='1' data-disable-autoplay=''  data-video-ratio='1.7777777777778' class='avia-slideshow-slide av_slideshow_obj-1-69e5c3945e047__0  av-video-slide  av-video-service-html5  av-hide-video-controls av-mute-video av-loop-video  av-single-slide slide-1 slide-odd'><div data-rel='slideshow-1' class='avia-slide-wrap'    itemprop=\"video\" itemtype=\"https:\/\/schema.org\/VideoObject\" ><div class='av-click-overlay'><\/div><video class='avia_video'  autoplay playsinline loop preload=\"metadata\" muted id='player_208_734312795_2024849789'><source src=\"https:\/\/complexhibit.eu\/wp-content\/uploads\/2023\/11\/video-pexels-pressmaster.mp4\" type=\"video\/mp4\" \/><\/video><div class=\"av-click-to-play-overlay\"><div class=\"avia_playpause_icon\"><\/div><\/div><\/div><\/li><\/ul><\/div><div class='container av-section-cont-open' style='height:400px'><main  role=\"main\" itemprop=\"mainContentOfPage\"  class='template-page content  av-content-small alpha units'><div class='post-entry post-entry-type-page post-entry-208'><div class='entry-content-wrapper clearfix'>\n\n<style type=\"text\/css\" data-created_by=\"avia_inline_auto\" id=\"style-css-av-lphgsvnl-985bbd164d6e27d6ce703f19d2506a6d\">\n#top .av-special-heading.av-lphgsvnl-985bbd164d6e27d6ce703f19d2506a6d{\nmargin:30px 0 0 0;\npadding-bottom:10px;\ncolor:#ffffff;\n}\nbody .av-special-heading.av-lphgsvnl-985bbd164d6e27d6ce703f19d2506a6d .av-special-heading-tag .heading-char{\nfont-size:25px;\n}\n.av-special-heading.av-lphgsvnl-985bbd164d6e27d6ce703f19d2506a6d .special-heading-inner-border{\nborder-color:#ffffff;\n}\n.av-special-heading.av-lphgsvnl-985bbd164d6e27d6ce703f19d2506a6d .av-subheading{\nfont-size:15px;\n}\n<\/style>\n<div  class='av-special-heading av-lphgsvnl-985bbd164d6e27d6ce703f19d2506a6d av-special-heading-h2 custom-color-heading blockquote modern-quote modern-centered  avia-builder-el-1  avia-builder-el-no-sibling'><h2 class='av-special-heading-tag'  itemprop=\"headline\"  >Background<\/h2><div class=\"special-heading-border\"><div class=\"special-heading-inner-border\"><\/div><\/div><\/div>\n\n<\/div><\/div><\/main><!-- close content main element --><\/div><\/div><div id='av_section_2'  class='avia-section av-2uju3-6a3ad0fa2cdd5d3b4f9e05e438a817e3 main_color avia-section-default avia-no-border-styling  avia-builder-el-2  el_after_av_section  el_before_av_layout_row  avia-bg-style-scroll container_wrap sidebar_right'  ><div class='container av-section-cont-open' ><div class='template-page content  av-content-small alpha units'><div class='post-entry post-entry-type-page post-entry-208'><div class='entry-content-wrapper clearfix'>\n\n<style type=\"text\/css\" data-created_by=\"avia_inline_auto\" id=\"style-css-av-lpa5127o-ec7fc835cabe9399756efdb1cdb1f69f\">\n#top .av-special-heading.av-lpa5127o-ec7fc835cabe9399756efdb1cdb1f69f{\npadding-bottom:10px;\n}\nbody .av-special-heading.av-lpa5127o-ec7fc835cabe9399756efdb1cdb1f69f .av-special-heading-tag .heading-char{\nfont-size:25px;\n}\n.av-special-heading.av-lpa5127o-ec7fc835cabe9399756efdb1cdb1f69f .av-subheading{\nfont-size:15px;\n}\n<\/style>\n<div  class='av-special-heading av-lpa5127o-ec7fc835cabe9399756efdb1cdb1f69f av-special-heading-h2 blockquote modern-quote modern-centered  avia-builder-el-3  el_before_av_hr  avia-builder-el-first'><h2 class='av-special-heading-tag'  itemprop=\"headline\"  >HISTORY OF THE PROJECT<\/h2><div class=\"special-heading-border\"><div class=\"special-heading-inner-border\"><\/div><\/div><\/div>\n<div  class='hr av-271uj-0442d282c0657d9e2bbad2cd674f23b3 hr-default  avia-builder-el-4  el_after_av_heading  el_before_av_one_full'><span class='hr-inner'><span class=\"hr-inner-style\"><\/span><\/span><\/div>\n\n<style type=\"text\/css\" data-created_by=\"avia_inline_auto\" id=\"style-css-av-3ifxz-30650f8b42d6df9571330a4ffb9962bc\">\n.flex_column.av-3ifxz-30650f8b42d6df9571330a4ffb9962bc{\npadding:0px 50px 0px 50px;\n}\n<\/style>\n<div  class='flex_column av-3ifxz-30650f8b42d6df9571330a4ffb9962bc av_one_full  avia-builder-el-5  el_after_av_hr  avia-builder-el-last  first flex_column_div'     ><section  class='av_textblock_section av-lozcj379-7783a54a34071c069547218f4964393f'   itemscope=\"itemscope\" itemtype=\"https:\/\/schema.org\/CreativeWork\" ><div class='avia_textblock'  itemprop=\"text\" ><p data-start=\"180\" data-end=\"465\"><strong data-start=\"180\" data-end=\"196\">Complexhibit<\/strong> is supported by a consolidated line of research developed since 2015 by the group <strong data-start=\"274\" data-end=\"313\">iArtHis_Lab (University of Malaga)<\/strong> in cooperation with others <em>partners<\/em> national and international, focusing on the study of art exhibitions using computational methodologies and Complexity Sciences approaches.<\/p>\n<p data-start=\"467\" data-end=\"525\">Previous projects that serve as a basis include the following:<\/p>\n<ul>\n<li data-start=\"529\" data-end=\"974\"><a href=\"https:\/\/exhibitium.es\/\" target=\"_blank\" rel=\"noopener\"><strong>Exhibitium (2015-2016)<\/strong><\/a>funded by the BBVA Foundation, whose objective was to generate knowledge about art exhibitions for their reuse. Within this framework, methodologies for data collection and production were implemented, the architecture and model of the corpus was designed, and a new model was developed. <a href=\"https:\/\/expofinder.iarthislab.eu\/web\/\" target=\"_blank\" rel=\"noopener\"><strong data-start=\"814\" data-end=\"828\">Expofinder<\/strong><\/a> and the first macroscopic analyses of the Spanish exhibition system in the period 2010-2016 were initiated.<\/li>\n<li data-start=\"978\" data-end=\"1394\"><a href=\"https:\/\/andalexproject.iarthislab.eu\/\" target=\"_blank\" rel=\"noopener\"><strong>Andalex (2017-2021)<\/strong><\/a>funded first by the Agencia P\u00fablica Centro de Estudios Andaluces (Junta de Andaluc\u00eda) and then by the research plan of excellence of the Junta de Andaluc\u00eda, broadened the focus to the field of the creative economy. The Andalusian exhibition system (2008-2018) was analysed and the following was developed <a href=\"https:\/\/pathfinder.iarthislab.eu\/\" target=\"_blank\" rel=\"noopener\"><strong data-start=\"1216\" data-end=\"1230\">Pathfinder<\/strong><\/a>The Expofinder system is an open system that allows access to and export of data recorded in Expofinder in standard formats.<\/li>\n<\/ul>\n<p data-start=\"1396\" data-end=\"1760\">Thanks to these projects, the team now has a <strong data-start=\"1451\" data-end=\"1493\">repository of more than 72,000 records<\/strong>including exhibitions, cultural institutions, actors and relationships, constituting the first and only repository of structured data on art exhibitions in Spain available for analysis and reuse.<\/p>\n<p data-start=\"1762\" data-end=\"2142\">These advances - technological infrastructures, data production and analysis methodologies, and accumulated experience - provide the foundation on which to build. <strong data-start=\"1937\" data-end=\"1953\">Complexhibit<\/strong>whose challenge is to broaden the framework of study by incorporating the semantic-discursive dimension and deepening our understanding of the expository system as a <strong data-start=\"2105\" data-end=\"2139\">hyper-complex cultural system<\/strong>.<\/p>\n<\/div><\/section><\/div><\/div><\/div><\/div><!-- close content main div --><\/div><\/div><div id='av-layout-grid-1'  class='av-layout-grid-container av-mey2viv6-77097266569b2cf494dd1c303af0b19b entry-content-wrapper main_color av-border-cells av-flex-cells  avia-builder-el-7  el_after_av_section  avia-builder-el-last  grid-row-not-first  container_wrap sidebar_right'  >\n\n<style type=\"text\/css\" data-created_by=\"avia_inline_auto\" id=\"style-css-av-mcxs8-996e34a1c99387f8db37615abe60b4f2\">\n.flex_cell.av-mcxs8-996e34a1c99387f8db37615abe60b4f2{\nvertical-align:middle;\n}\n.responsive #top #wrap_all .flex_cell.av-mcxs8-996e34a1c99387f8db37615abe60b4f2{\npadding:140px 140px 140px 140px !important;\n}\n<\/style>\n<div class='flex_cell av-mcxs8-996e34a1c99387f8db37615abe60b4f2 av-gridrow-cell av_one_fourth no_margin  avia-builder-el-8  el_before_av_cell_one_fourth  avia-builder-el-first  content-align-middle'  ><div class='flex_cell_inner'><\/div><\/div>\n<style type=\"text\/css\" data-created_by=\"avia_inline_auto\" id=\"style-css-av-mey3i17f-739d7a1fd7e743c17ff2735e888399bf\">\n.flex_cell.av-mey3i17f-739d7a1fd7e743c17ff2735e888399bf{\nvertical-align:middle;\nbackground-color:#83a846;\n}\n.responsive #top #wrap_all .flex_cell.av-mey3i17f-739d7a1fd7e743c17ff2735e888399bf{\npadding:140px 0 140px 0 !important;\n}\n<\/style>\n<a class=\"av-screen-reader-only\" href=\"https:\/\/andalexproject.iarthislab.eu\/\"  target=\"_blank\" >Follow a manual added link<\/a><div class='flex_cell av-mey3i17f-739d7a1fd7e743c17ff2735e888399bf av-gridrow-cell av_one_fourth no_margin  avia-builder-el-9  el_after_av_cell_one_fourth  el_before_av_cell_one_fourth  content-align-middle avia-link-column av-cell-link'  data-link-column-url=\"https:\/\/andalexproject.iarthislab.eu\/\"  data-link-column-target=\"_blank\"  ><div class='flex_cell_inner'>\n<style type=\"text\/css\" data-created_by=\"avia_inline_auto\" id=\"style-css-av-mey3aqjo-5c879da7486225f7369c615999c71e58\">\n.flex_column.av-mey3aqjo-5c879da7486225f7369c615999c71e58{\nbackground-color:#83a846;\n}\n.avia_transform .flex_column.av-mey3aqjo-5c879da7486225f7369c615999c71e58{\nanimation-duration:0.5s;\n}\n<\/style>\n<div  class='flex_column av-mey3aqjo-5c879da7486225f7369c615999c71e58 av_one_full  avia-builder-el-10  avia-builder-el-no-sibling  first flex_column_div av-animated-generic top-to-bottom'     ><style type=\"text\/css\" data-created_by=\"avia_inline_auto\" id=\"style-css-av-mey3b9am-0797f7cd5e921dead236eb3e5c8ce6da\">\n#top .av-special-heading.av-mey3b9am-0797f7cd5e921dead236eb3e5c8ce6da{\npadding-bottom:10px;\n}\nbody .av-special-heading.av-mey3b9am-0797f7cd5e921dead236eb3e5c8ce6da .av-special-heading-tag .heading-char{\nfont-size:25px;\n}\n.av-special-heading.av-mey3b9am-0797f7cd5e921dead236eb3e5c8ce6da .av-subheading{\nfont-size:15px;\n}\n<\/style>\n<div  class='av-special-heading av-mey3b9am-0797f7cd5e921dead236eb3e5c8ce6da av-special-heading-h2 blockquote modern-quote modern-centered  avia-builder-el-11  avia-builder-el-no-sibling  av-linked-heading'><h2 class='av-special-heading-tag'  itemprop=\"headline\"  ><a class=\"av-heading-link\" href=\"https:\/\/andalexproject.iarthislab.eu\/\" target=\"_blank\"  rel=\"noopener noreferrer\" >ANDALEX VISIT<\/a><\/h2><div class=\"special-heading-border\"><div class=\"special-heading-inner-border\"><\/div><\/div><\/div><\/div>\n<\/div><\/div>\n<style type=\"text\/css\" data-created_by=\"avia_inline_auto\" id=\"style-css-av-mey3je59-f1569051a02aeb2f28de54cf43db7207\">\n.flex_cell.av-mey3je59-f1569051a02aeb2f28de54cf43db7207{\nvertical-align:middle;\nbackground-color:#af5757;\n}\n.responsive #top #wrap_all .flex_cell.av-mey3je59-f1569051a02aeb2f28de54cf43db7207{\npadding:140px 0 140px 0 !important;\n}\n<\/style>\n<div class='flex_cell av-mey3je59-f1569051a02aeb2f28de54cf43db7207 av-gridrow-cell av_one_fourth no_margin  avia-builder-el-12  el_after_av_cell_one_fourth  el_before_av_cell_one_fourth  content-align-middle'  ><div class='flex_cell_inner'>\n<style type=\"text\/css\" data-created_by=\"avia_inline_auto\" id=\"style-css-av-mey2wmy1-924a7ea21ae8971f9d48fd29ac9f5e80\">\n.flex_column.av-mey2wmy1-924a7ea21ae8971f9d48fd29ac9f5e80{\nbackground-color:#af5757;\n}\n.avia_transform .flex_column.av-mey2wmy1-924a7ea21ae8971f9d48fd29ac9f5e80{\nanimation-duration:0.5s;\n}\n<\/style>\n<div  class='flex_column av-mey2wmy1-924a7ea21ae8971f9d48fd29ac9f5e80 av_one_full  avia-builder-el-13  avia-builder-el-no-sibling  first flex_column_div av-animated-generic top-to-bottom'     ><style type=\"text\/css\" data-created_by=\"avia_inline_auto\" id=\"style-css-av-mey2ulla-e9ac7d9aed5aa7d53c0c220b75b2c75d\">\n#top .av-special-heading.av-mey2ulla-e9ac7d9aed5aa7d53c0c220b75b2c75d{\npadding-bottom:10px;\n}\nbody .av-special-heading.av-mey2ulla-e9ac7d9aed5aa7d53c0c220b75b2c75d .av-special-heading-tag .heading-char{\nfont-size:25px;\n}\n.av-special-heading.av-mey2ulla-e9ac7d9aed5aa7d53c0c220b75b2c75d .av-subheading{\nfont-size:15px;\n}\n<\/style>\n<div  class='av-special-heading av-mey2ulla-e9ac7d9aed5aa7d53c0c220b75b2c75d av-special-heading-h2 custom-color-heading blockquote modern-quote modern-centered  avia-builder-el-14  avia-builder-el-no-sibling  av-linked-heading'><h2 class='av-special-heading-tag'  itemprop=\"headline\"  ><a class=\"av-heading-link\" href=\"https:\/\/exhibitium.es\/\" target=\"_blank\"  rel=\"noopener noreferrer\" >VISIT EXHIBITIUM<\/a><\/h2><div class=\"special-heading-border\"><div class=\"special-heading-inner-border\"><\/div><\/div><\/div><\/div>\n<\/div><\/div>\n<style type=\"text\/css\" data-created_by=\"avia_inline_auto\" id=\"style-css-av-mey3kipu-9e78d2085a1f49fdc4ce8f2672de9e14\">\n.flex_cell.av-mey3kipu-9e78d2085a1f49fdc4ce8f2672de9e14{\nvertical-align:top;\n}\n<\/style>\n<div class='flex_cell av-mey3kipu-9e78d2085a1f49fdc4ce8f2672de9e14 av-gridrow-cell av_one_fourth no_margin  avia-builder-el-15  el_after_av_cell_one_fourth  avia-builder-el-last  content-align-top'  ><div class='flex_cell_inner'><div  class='flex_column av-abnsg-80207f2463bea502a839179a237afd36 av_one_full  avia-builder-el-16  avia-builder-el-no-sibling  first flex_column_div'     ><\/div>\n<\/div><\/div>\n<\/div><\/p>","protected":false},"excerpt":{"rendered":"","protected":false},"author":1,"featured_media":0,"parent":19,"menu_order":1,"comment_status":"closed","ping_status":"closed","template":"","meta":{"footnotes":""},"class_list":["post-208","page","type-page","status-publish","hentry"],"_links":{"self":[{"href":"https:\/\/complexhibit.eu\/en\/wp-json\/wp\/v2\/pages\/208","targetHints":{"allow":["GET"]}}],"collection":[{"href":"https:\/\/complexhibit.eu\/en\/wp-json\/wp\/v2\/pages"}],"about":[{"href":"https:\/\/complexhibit.eu\/en\/wp-json\/wp\/v2\/types\/page"}],"author":[{"embeddable":true,"href":"https:\/\/complexhibit.eu\/en\/wp-json\/wp\/v2\/users\/1"}],"replies":[{"embeddable":true,"href":"https:\/\/complexhibit.eu\/en\/wp-json\/wp\/v2\/comments?post=208"}],"version-history":[{"count":0,"href":"https:\/\/complexhibit.eu\/en\/wp-json\/wp\/v2\/pages\/208\/revisions"}],"up":[{"embeddable":true,"href":"https:\/\/complexhibit.eu\/en\/wp-json\/wp\/v2\/pages\/19"}],"wp:attachment":[{"href":"https:\/\/complexhibit.eu\/en\/wp-json\/wp\/v2\/media?parent=208"}],"curies":[{"name":"wp","href":"https:\/\/api.w.org\/{rel}","templated":true}]}}