{"id":1297,"date":"2026-04-28T04:24:19","date_gmt":"2026-04-28T04:24:19","guid":{"rendered":"https:\/\/complexhibit.eu\/?page_id=1297"},"modified":"2026-04-28T04:24:19","modified_gmt":"2026-04-28T04:24:19","slug":"politica-de-cookies","status":"publish","type":"page","link":"https:\/\/complexhibit.eu\/en\/politica-de-cookies\/","title":{"rendered":"Cookie Policy"},"content":{"rendered":"<div id='av_section_1'  class='avia-section av-1zrtz1-2bd86de6eef197415d211918d041d911 main_color avia-section-huge avia-no-border-styling  avia-builder-el-0  avia-builder-el-no-sibling  avia-bg-style-scroll container_wrap sidebar_right'  ><div class='container av-section-cont-open' ><main  role=\"main\" itemprop=\"mainContentOfPage\"  class='template-page content  av-content-small alpha units'><div class='post-entry post-entry-type-page post-entry-1297'><div class='entry-content-wrapper clearfix'>\n\n<style type=\"text\/css\" data-created_by=\"avia_inline_auto\" id=\"style-css-av-moi4ea7w-6155b90b3922232520b31177c2f437f8\">\n#top .av-special-heading.av-moi4ea7w-6155b90b3922232520b31177c2f437f8{\npadding-bottom:10px;\n}\nbody .av-special-heading.av-moi4ea7w-6155b90b3922232520b31177c2f437f8 .av-special-heading-tag .heading-char{\nfont-size:25px;\n}\n.av-special-heading.av-moi4ea7w-6155b90b3922232520b31177c2f437f8 .av-subheading{\nfont-size:15px;\n}\n<\/style>\n<div  class='av-special-heading av-moi4ea7w-6155b90b3922232520b31177c2f437f8 av-special-heading-h2  avia-builder-el-1  el_before_av_textblock  avia-builder-el-first'><h2 class='av-special-heading-tag'  itemprop=\"headline\"  >Cookie Policy<\/h2><div class=\"special-heading-border\"><div class=\"special-heading-inner-border\"><\/div><\/div><\/div>\n<section  class='av_textblock_section av-moi4dsuf-da31d00d9aeaf751f210a9e53ba9a29d'   itemscope=\"itemscope\" itemtype=\"https:\/\/schema.org\/CreativeWork\" ><div class='avia_textblock'  itemprop=\"text\" ><p class=\"font-claude-response-body break-words whitespace-normal leading-&#091;1.7&#093;\"><strong>\u00bfQu\u00e9 son las cookies?<\/strong><\/p>\n<p class=\"font-claude-response-body break-words whitespace-normal leading-&#091;1.7&#093;\">Las cookies son peque\u00f1os archivos de texto que se almacenan en su dispositivo cuando visita un sitio web. Permiten recordar preferencias y mejorar la experiencia de navegaci\u00f3n.<\/p>\n<p class=\"font-claude-response-body break-words whitespace-normal leading-&#091;1.7&#093;\"><strong>\u00bfQu\u00e9 cookies utiliza este sitio?<\/strong><\/p>\n<p class=\"font-claude-response-body break-words whitespace-normal leading-&#091;1.7&#093;\">Este sitio utiliza los siguientes tipos de cookies:<\/p>\n<p class=\"font-claude-response-body break-words whitespace-normal leading-&#091;1.7&#093;\"><strong>Cookies t\u00e9cnicas o esenciales<\/strong> \u2014 Estrictamente necesarias para el funcionamiento del sitio (gesti\u00f3n de sesi\u00f3n, preferencias de idioma, aceptaci\u00f3n del aviso de cookies). No requieren consentimiento.<\/p>\n<p class=\"font-claude-response-body break-words whitespace-normal leading-&#091;1.7&#093;\"><strong>Cookies de terceros<\/strong> \u2014 Este sitio puede cargar servicios externos que instalan sus propias cookies:<\/p>\n<ul class=\"&#091;li_&amp;&#093;:mb-0 &#091;li_&amp;&#093;:mt-1 &#091;li_&amp;&#093;:gap-1 &#091;&amp;:not(:last-child)_ul&#093;:pb-1 &#091;&amp;:not(:last-child)_ol&#093;:pb-1 list-disc flex flex-col gap-1 pl-8 mb-3\">\n<li class=\"whitespace-normal break-words pl-2\"><em>Google Fonts<\/em> \u2013 fuentes tipogr\u00e1ficas<\/li>\n<li class=\"whitespace-normal break-words pl-2\"><em>Google Maps<\/em> \u2013 mapas integrados<\/li>\n<li class=\"whitespace-normal break-words pl-2\"><em>Google reCAPTCHA<\/em> \u2013 protecci\u00f3n antispam en formularios<\/li>\n<li class=\"whitespace-normal break-words pl-2\"><em>Vimeo \/ YouTube<\/em> \u2013 v\u00eddeos incrustados<\/li>\n<\/ul>\n<p class=\"font-claude-response-body break-words whitespace-normal leading-&#091;1.7&#093;\">Estos proveedores pueden recopilar datos como la direcci\u00f3n IP del usuario. Puede consultar sus respectivas pol\u00edticas de privacidad en sus sitios oficiales.<\/p>\n<p class=\"font-claude-response-body break-words whitespace-normal leading-&#091;1.7&#093;\"><strong>\u00bfC\u00f3mo gestionar las cookies?<\/strong><\/p>\n<p class=\"font-claude-response-body break-words whitespace-normal leading-&#091;1.7&#093;\">Puede configurar o deshabilitar las cookies en cualquier momento a trav\u00e9s del panel de preferencias del sitio o desde la configuraci\u00f3n de su navegador. Tenga en cuenta que bloquear ciertas cookies puede afectar a la funcionalidad de algunas secciones del sitio.<\/p>\n<\/div><\/section>\n<\/div><\/div><\/main><!-- close content main element --><\/div><\/div><div id='after_section_1'  class='main_color av_default_container_wrap container_wrap sidebar_right'  ><div class='container av-section-cont-open' ><div class='template-page content  av-content-small alpha units'><div class='post-entry post-entry-type-page post-entry-1297'><div class='entry-content-wrapper clearfix'>","protected":false},"excerpt":{"rendered":"","protected":false},"author":1,"featured_media":0,"parent":0,"menu_order":11,"comment_status":"closed","ping_status":"closed","template":"","meta":{"footnotes":""},"class_list":["post-1297","page","type-page","status-publish","hentry"],"_links":{"self":[{"href":"https:\/\/complexhibit.eu\/en\/wp-json\/wp\/v2\/pages\/1297","targetHints":{"allow":["GET"]}}],"collection":[{"href":"https:\/\/complexhibit.eu\/en\/wp-json\/wp\/v2\/pages"}],"about":[{"href":"https:\/\/complexhibit.eu\/en\/wp-json\/wp\/v2\/types\/page"}],"author":[{"embeddable":true,"href":"https:\/\/complexhibit.eu\/en\/wp-json\/wp\/v2\/users\/1"}],"replies":[{"embeddable":true,"href":"https:\/\/complexhibit.eu\/en\/wp-json\/wp\/v2\/comments?post=1297"}],"version-history":[{"count":2,"href":"https:\/\/complexhibit.eu\/en\/wp-json\/wp\/v2\/pages\/1297\/revisions"}],"predecessor-version":[{"id":1299,"href":"https:\/\/complexhibit.eu\/en\/wp-json\/wp\/v2\/pages\/1297\/revisions\/1299"}],"wp:attachment":[{"href":"https:\/\/complexhibit.eu\/en\/wp-json\/wp\/v2\/media?parent=1297"}],"curies":[{"name":"wp","href":"https:\/\/api.w.org\/{rel}","templated":true}]}}